{"id":122,"date":"2021-07-08T15:16:01","date_gmt":"2021-07-08T15:16:01","guid":{"rendered":"https:\/\/nathalie-faggianelli.fr\/?page_id=122"},"modified":"2023-03-30T18:10:14","modified_gmt":"2023-03-30T18:10:14","slug":"les-ateliers-et-webinaires","status":"publish","type":"page","link":"https:\/\/nathalie-faggianelli.fr\/index.php\/les-ateliers-et-webinaires\/","title":{"rendered":"Les ateliers et webinaires"},"content":{"rendered":"\n<div class=\"wp-block-columns is-layout-flex wp-container-core-columns-is-layout-9d6595d7 wp-block-columns-is-layout-flex\">\n<div class=\"wp-block-column is-layout-flow wp-block-column-is-layout-flow\">\n<figure class=\"wp-block-image size-large is-resized\"><img loading=\"lazy\" decoding=\"async\" src=\"https:\/\/nathalie-faggianelli.fr\/wp-content\/uploads\/2022\/11\/1d09660f-6574-44c5-8c79-1383a6bf9aee-768x1024.jpeg\" alt=\"\" class=\"wp-image-2858\" width=\"351\" height=\"468\" srcset=\"https:\/\/nathalie-faggianelli.fr\/wp-content\/uploads\/2022\/11\/1d09660f-6574-44c5-8c79-1383a6bf9aee-768x1024.jpeg 768w, https:\/\/nathalie-faggianelli.fr\/wp-content\/uploads\/2022\/11\/1d09660f-6574-44c5-8c79-1383a6bf9aee-600x800.jpeg 600w, https:\/\/nathalie-faggianelli.fr\/wp-content\/uploads\/2022\/11\/1d09660f-6574-44c5-8c79-1383a6bf9aee-225x300.jpeg 225w, https:\/\/nathalie-faggianelli.fr\/wp-content\/uploads\/2022\/11\/1d09660f-6574-44c5-8c79-1383a6bf9aee-1152x1536.jpeg 1152w, https:\/\/nathalie-faggianelli.fr\/wp-content\/uploads\/2022\/11\/1d09660f-6574-44c5-8c79-1383a6bf9aee.jpeg 1536w\" sizes=\"auto, (max-width: 351px) 100vw, 351px\" \/><\/figure>\n<\/div>\n\n\n\n<div class=\"wp-block-column is-layout-flow wp-block-column-is-layout-flow\">\n<p><em>J&rsquo;organisme r\u00e9guli\u00e8rement des ateliers et webinaires \u00e0 destination du grand public, ou des professionnels de sant\u00e9. Je me d\u00e9place en entreprises et \u00e0 domicile sur demande. <\/em><\/p>\n<\/div>\n<\/div>\n\n\n\n<div class=\"wp-block-columns is-layout-flex wp-container-core-columns-is-layout-9d6595d7 wp-block-columns-is-layout-flex\">\n<div class=\"wp-block-column is-layout-flow wp-block-column-is-layout-flow\" style=\"flex-basis:100%\"><\/div>\n<\/div>\n\n\n\n<h2 class=\"wp-block-heading\">Les ateliers pour les particuliers<\/h2>\n\n\n\n<p>J&rsquo;organise des ateliers pour d\u00e9couvrir ou se perfectionner en aromath\u00e9rapie, phytoth\u00e9rapie et micro-nutrition dite familiales. Une mani\u00e8re simple et efficace devenir autonome, en toute s\u00e9curit\u00e9 sur l&rsquo;utilisation de ces produits, qui bien que naturels sont aussi des compos\u00e9s actifs puissants. <\/p>\n\n\n\n<p>Les ateliers se d\u00e9roulent en g\u00e9n\u00e9ral avec 6 \u00e0 10 participants pour favoriser les \u00e9changes et assurer la qualit\u00e9 des prestations. Ils durent de une \u00e0 deux heures selon la th\u00e9matique. Ils peuvent \u00eatre organis\u00e9s \u00e0 votre domicile, dans un rayon de 30 km autour de Lille, ou au sein de magasins bio et pharmacies de la r\u00e9gion. Pour des besoins dans d\u2019autres lieux (entreprise, clinique&#8230;) n&rsquo;h\u00e9sitez pas \u00e0 me contacter. Les tarifs varient entre 30 et 45 euros par personne selon la th\u00e9matique.<\/p>\n\n\n\n<p>Ce service \u00e0 destination des particuliers ne substitue pas \u00e0 une formation professionnelle compl\u00e8te (1 \u00e0 2 ans de formation aupr\u00e8s d&rsquo;un organisme reconnu ou en universit\u00e9 avec un examen \u00e0 la cl\u00e9) si votre souhait est de vous former \u00e0 l&rsquo;aromath\u00e9rapie et de pouvoir l&rsquo;int\u00e9grer \u00e0 votre pratique professionnelle ! <\/p>\n\n\n\n<hr class=\"wp-block-separator has-alpha-channel-opacity\"\/>\n\n\n\n<h2 class=\"wp-block-heading\">Offrez un bon cadeau<\/h2>\n\n\n\n<p>Rendez-vous sur la page <a href=\"https:\/\/nathalie-faggianelli.fr\/index.php\/bon-cadeau\/\">BON CADEAU<\/a> pour toutes les informations.<\/p>\n\n\n\n<hr class=\"wp-block-separator has-alpha-channel-opacity\"\/>\n\n\n\n<h1 class=\"wp-block-heading\">Les ateliers en entreprise<\/h1>\n\n\n\n<p>J&rsquo;organise r\u00e9guli\u00e8rement des ateliers en entreprise sur des th\u00e8mes comme : <\/p>\n\n\n\n<ul class=\"wp-block-list\">\n<li>gestion du stress<\/li>\n\n\n\n<li>conseils pour retrouver un bon sommeil<\/li>\n\n\n\n<li>d\u00e9couverte de l&rsquo;aromath\u00e9rapie<\/li>\n\n\n\n<li>S\u00e9ance d&rsquo;aromath\u00e9rapie olfactive <\/li>\n\n\n\n<li>Soutien immunitaire pour les petits maux de l&rsquo;hiver<\/li>\n\n\n\n<li>Ma trousse naturelle pour se pr\u00e9parer \u00e0 l&rsquo;\u00e9t\u00e9<\/li>\n\n\n\n<li>Ma trousse naturelle familiale<\/li>\n\n\n\n<li>Loto des odeurs (notamment pour les r\u00e9sidents des EHPAD)<\/li>\n\n\n\n<li>Massages bien-\u00eatre des mains <\/li>\n\n\n\n<li>Cosm\u00e9tique naturelle<\/li>\n\n\n\n<li>R\u00e9alisation d&rsquo;une tisane bien-\u00eatre<\/li>\n\n\n\n<li>Compr\u00e9hension du cycle menstruel<\/li>\n<\/ul>\n\n\n\n<p>Ou des conf\u00e9rences :<\/p>\n\n\n\n<ul class=\"wp-block-list\">\n<li>perturbateurs endocriniens<\/li>\n\n\n\n<li>cycle menstruel, hormones, microbiotes<\/li>\n\n\n\n<li>phyto-oestrog\u00e8nes<\/li>\n\n\n\n<li>accompagnement des d\u00e9s\u00e9quilibres hormonaux<\/li>\n<\/ul>\n\n\n\n<hr class=\"wp-block-separator has-alpha-channel-opacity\"\/>\n\n\n\n<h2 class=\"wp-block-heading\"><strong>Les ateliers pour les professionnels de sant\u00e9 <\/strong><\/h2>\n\n\n\n<p>Vous \u00eates professionnel de sant\u00e9 et vous souhaitez vous former \u00e0 l&rsquo;aromath\u00e9rapie et phytoth\u00e9rapie sur une th\u00e9matique particuli\u00e8re ? Vous aimeriez pouvoir l&rsquo;int\u00e9grer \u00e0 votre pratique de soins ou faire entrer l&rsquo;aromath\u00e9rapie et la phytoth\u00e9rapie dans votre service ? avez envie de soumettre des protocoles d&rsquo;aromath\u00e9rapie \u00e0 validation pour votre service ? Alors n&rsquo;h\u00e9sitez pas \u00e0 me contacter pour en discuter.<\/p>\n\n\n<div class=\"wp-block-image\">\n<figure class=\"aligncenter size-large is-resized\"><img loading=\"lazy\" decoding=\"async\" src=\"https:\/\/nathalie-faggianelli.fr\/wp-content\/uploads\/2021\/07\/feuille.jpg\" alt=\"\" class=\"wp-image-207\" width=\"291\" height=\"71\" srcset=\"https:\/\/nathalie-faggianelli.fr\/wp-content\/uploads\/2021\/07\/feuille.jpg 425w, https:\/\/nathalie-faggianelli.fr\/wp-content\/uploads\/2021\/07\/feuille-300x73.jpg 300w\" sizes=\"auto, (max-width: 291px) 100vw, 291px\" \/><\/figure><\/div>\n\n\n<h2 class=\"wp-block-heading\">Ils m&rsquo;ont fait confiance<\/h2>\n\n\n\n<p>Ev\u00e8nement Octobre Rose Strasbourg \u00e9ditions 2020 et 2021<\/p>\n\n\n\n<p>URPS organisation des infirmiers lib\u00e9raux (mars 2023)<\/p>\n\n\n\n<p>D\u00e9cathlon Hauts de France<\/p>\n\n\n\n<p>EHPAD Les Orchid\u00e9es en m\u00e9tropole Lilloise<\/p>\n\n\n\n<p>Coll\u00e8ges pour des ateliers \u00ab\u00a0mes premi\u00e8res r\u00e8gles\u00a0\u00bb<\/p>\n\n\n\n<p>Association Focus Fertilit\u00e9<\/p>\n\n\n\n<p>Association Ma PMA et moi<\/p>\n\n\n\n<p>Et tous les particuliers qui m&rsquo;ont accueillis pour des ateliers baby shower (cosm\u00e9tique b\u00e9b\u00e9), blessing way (c\u00e9l\u00e9bration de la future maman), d\u00e9couverte de l&rsquo;aromath\u00e9apie, loto des odeurs en famille&#8230;<\/p>\n","protected":false},"excerpt":{"rendered":"<p>J&rsquo;organisme r\u00e9guli\u00e8rement des ateliers et webinaires \u00e0 destination du grand public, ou des professionnels de sant\u00e9. Je me d\u00e9place en entreprises et \u00e0 domicile sur demande. Les ateliers pour les particuliers J&rsquo;organise des ateliers pour d\u00e9couvrir ou se perfectionner en&#8230;<\/p>\n<p><a class=\"more-link\" href=\"https:\/\/nathalie-faggianelli.fr\/index.php\/les-ateliers-et-webinaires\/\">Read More<\/a><\/p>\n","protected":false},"author":1,"featured_media":0,"parent":0,"menu_order":0,"comment_status":"closed","ping_status":"closed","template":"","meta":{"_genesis_hide_title":false,"_genesis_hide_breadcrumbs":false,"_genesis_hide_singular_image":false,"_genesis_hide_footer_widgets":false,"_genesis_custom_body_class":"","_genesis_custom_post_class":"","_genesis_layout":"","footnotes":""},"class_list":{"0":"post-122","1":"page","2":"type-page","3":"status-publish","5":"entry","6":"has-post-thumbnail"},"yoast_head":"<!-- This site is optimized with the Yoast SEO plugin v27.5 - https:\/\/yoast.com\/product\/yoast-seo-wordpress\/ -->\n<title>Les ateliers et webinaires - Nathalie Faggianelli<\/title>\n<meta name=\"description\" content=\"Les ateliers et webinaires que j&#039;organise r\u00e9guli\u00e8rement sur diff\u00e9rents th\u00e8mes en aromath\u00e9rapie, phytoth\u00e9rapie, naturopathie\" \/>\n<meta name=\"robots\" content=\"index, follow, max-snippet:-1, max-image-preview:large, max-video-preview:-1\" \/>\n<link rel=\"canonical\" href=\"https:\/\/nathalie-faggianelli.fr\/index.php\/les-ateliers-et-webinaires\/\" \/>\n<meta property=\"og:locale\" content=\"fr_FR\" \/>\n<meta property=\"og:type\" content=\"article\" \/>\n<meta property=\"og:title\" content=\"Les ateliers et webinaires - Nathalie Faggianelli\" \/>\n<meta property=\"og:description\" content=\"Les ateliers et webinaires que j&#039;organise r\u00e9guli\u00e8rement sur diff\u00e9rents th\u00e8mes en aromath\u00e9rapie, phytoth\u00e9rapie, naturopathie\" \/>\n<meta property=\"og:url\" content=\"https:\/\/nathalie-faggianelli.fr\/index.php\/les-ateliers-et-webinaires\/\" \/>\n<meta property=\"og:site_name\" content=\"Nathalie Faggianelli\" \/>\n<meta property=\"article:modified_time\" content=\"2023-03-30T18:10:14+00:00\" \/>\n<meta property=\"og:image\" content=\"https:\/\/nathalie-faggianelli.fr\/wp-content\/uploads\/2022\/11\/1d09660f-6574-44c5-8c79-1383a6bf9aee-768x1024.jpeg\" \/>\n<meta name=\"twitter:card\" content=\"summary_large_image\" \/>\n<meta name=\"twitter:label1\" content=\"Dur\u00e9e de lecture estim\u00e9e\" \/>\n\t<meta name=\"twitter:data1\" content=\"3 minutes\" \/>\n<script type=\"application\/ld+json\" class=\"yoast-schema-graph\">{\"@context\":\"https:\\\/\\\/schema.org\",\"@graph\":[{\"@type\":\"WebPage\",\"@id\":\"https:\\\/\\\/nathalie-faggianelli.fr\\\/index.php\\\/les-ateliers-et-webinaires\\\/\",\"url\":\"https:\\\/\\\/nathalie-faggianelli.fr\\\/index.php\\\/les-ateliers-et-webinaires\\\/\",\"name\":\"Les ateliers et webinaires - Nathalie Faggianelli\",\"isPartOf\":{\"@id\":\"https:\\\/\\\/nathalie-faggianelli.fr\\\/#website\"},\"primaryImageOfPage\":{\"@id\":\"https:\\\/\\\/nathalie-faggianelli.fr\\\/index.php\\\/les-ateliers-et-webinaires\\\/#primaryimage\"},\"image\":{\"@id\":\"https:\\\/\\\/nathalie-faggianelli.fr\\\/index.php\\\/les-ateliers-et-webinaires\\\/#primaryimage\"},\"thumbnailUrl\":\"https:\\\/\\\/nathalie-faggianelli.fr\\\/wp-content\\\/uploads\\\/2022\\\/11\\\/1d09660f-6574-44c5-8c79-1383a6bf9aee-768x1024.jpeg\",\"datePublished\":\"2021-07-08T15:16:01+00:00\",\"dateModified\":\"2023-03-30T18:10:14+00:00\",\"description\":\"Les ateliers et webinaires que j'organise r\u00e9guli\u00e8rement sur diff\u00e9rents th\u00e8mes en aromath\u00e9rapie, phytoth\u00e9rapie, naturopathie\",\"breadcrumb\":{\"@id\":\"https:\\\/\\\/nathalie-faggianelli.fr\\\/index.php\\\/les-ateliers-et-webinaires\\\/#breadcrumb\"},\"inLanguage\":\"fr-FR\",\"potentialAction\":[{\"@type\":\"ReadAction\",\"target\":[\"https:\\\/\\\/nathalie-faggianelli.fr\\\/index.php\\\/les-ateliers-et-webinaires\\\/\"]}]},{\"@type\":\"ImageObject\",\"inLanguage\":\"fr-FR\",\"@id\":\"https:\\\/\\\/nathalie-faggianelli.fr\\\/index.php\\\/les-ateliers-et-webinaires\\\/#primaryimage\",\"url\":\"https:\\\/\\\/nathalie-faggianelli.fr\\\/wp-content\\\/uploads\\\/2022\\\/11\\\/1d09660f-6574-44c5-8c79-1383a6bf9aee.jpeg\",\"contentUrl\":\"https:\\\/\\\/nathalie-faggianelli.fr\\\/wp-content\\\/uploads\\\/2022\\\/11\\\/1d09660f-6574-44c5-8c79-1383a6bf9aee.jpeg\",\"width\":1536,\"height\":2048},{\"@type\":\"BreadcrumbList\",\"@id\":\"https:\\\/\\\/nathalie-faggianelli.fr\\\/index.php\\\/les-ateliers-et-webinaires\\\/#breadcrumb\",\"itemListElement\":[{\"@type\":\"ListItem\",\"position\":1,\"name\":\"Accueil\",\"item\":\"https:\\\/\\\/nathalie-faggianelli.fr\\\/index.php\\\/page-daccueil\\\/\"},{\"@type\":\"ListItem\",\"position\":2,\"name\":\"Les ateliers et webinaires\"}]},{\"@type\":\"WebSite\",\"@id\":\"https:\\\/\\\/nathalie-faggianelli.fr\\\/#website\",\"url\":\"https:\\\/\\\/nathalie-faggianelli.fr\\\/\",\"name\":\"Nathalie Faggianelli\",\"description\":\"Phyto-Aromatologue, naturopathe, form\u00e9e en micronutrition \u00e0 Lille - La Madeleine ou en ligne\",\"publisher\":{\"@id\":\"https:\\\/\\\/nathalie-faggianelli.fr\\\/#organization\"},\"potentialAction\":[{\"@type\":\"SearchAction\",\"target\":{\"@type\":\"EntryPoint\",\"urlTemplate\":\"https:\\\/\\\/nathalie-faggianelli.fr\\\/?s={search_term_string}\"},\"query-input\":{\"@type\":\"PropertyValueSpecification\",\"valueRequired\":true,\"valueName\":\"search_term_string\"}}],\"inLanguage\":\"fr-FR\"},{\"@type\":\"Organization\",\"@id\":\"https:\\\/\\\/nathalie-faggianelli.fr\\\/#organization\",\"name\":\"Nathalie Faggianelli\",\"url\":\"https:\\\/\\\/nathalie-faggianelli.fr\\\/\",\"logo\":{\"@type\":\"ImageObject\",\"inLanguage\":\"fr-FR\",\"@id\":\"https:\\\/\\\/nathalie-faggianelli.fr\\\/#\\\/schema\\\/logo\\\/image\\\/\",\"url\":\"https:\\\/\\\/nathalie-faggianelli.fr\\\/wp-content\\\/uploads\\\/2021\\\/07\\\/logo-pro1.png\",\"contentUrl\":\"https:\\\/\\\/nathalie-faggianelli.fr\\\/wp-content\\\/uploads\\\/2021\\\/07\\\/logo-pro1.png\",\"width\":1728,\"height\":1521,\"caption\":\"Nathalie Faggianelli\"},\"image\":{\"@id\":\"https:\\\/\\\/nathalie-faggianelli.fr\\\/#\\\/schema\\\/logo\\\/image\\\/\"}}]}<\/script>\n<!-- \/ Yoast SEO plugin. -->","yoast_head_json":{"title":"Les ateliers et webinaires - Nathalie Faggianelli","description":"Les ateliers et webinaires que j'organise r\u00e9guli\u00e8rement sur diff\u00e9rents th\u00e8mes en aromath\u00e9rapie, phytoth\u00e9rapie, naturopathie","robots":{"index":"index","follow":"follow","max-snippet":"max-snippet:-1","max-image-preview":"max-image-preview:large","max-video-preview":"max-video-preview:-1"},"canonical":"https:\/\/nathalie-faggianelli.fr\/index.php\/les-ateliers-et-webinaires\/","og_locale":"fr_FR","og_type":"article","og_title":"Les ateliers et webinaires - Nathalie Faggianelli","og_description":"Les ateliers et webinaires que j'organise r\u00e9guli\u00e8rement sur diff\u00e9rents th\u00e8mes en aromath\u00e9rapie, phytoth\u00e9rapie, naturopathie","og_url":"https:\/\/nathalie-faggianelli.fr\/index.php\/les-ateliers-et-webinaires\/","og_site_name":"Nathalie Faggianelli","article_modified_time":"2023-03-30T18:10:14+00:00","og_image":[{"url":"https:\/\/nathalie-faggianelli.fr\/wp-content\/uploads\/2022\/11\/1d09660f-6574-44c5-8c79-1383a6bf9aee-768x1024.jpeg","type":"","width":"","height":""}],"twitter_card":"summary_large_image","twitter_misc":{"Dur\u00e9e de lecture estim\u00e9e":"3 minutes"},"schema":{"@context":"https:\/\/schema.org","@graph":[{"@type":"WebPage","@id":"https:\/\/nathalie-faggianelli.fr\/index.php\/les-ateliers-et-webinaires\/","url":"https:\/\/nathalie-faggianelli.fr\/index.php\/les-ateliers-et-webinaires\/","name":"Les ateliers et webinaires - Nathalie Faggianelli","isPartOf":{"@id":"https:\/\/nathalie-faggianelli.fr\/#website"},"primaryImageOfPage":{"@id":"https:\/\/nathalie-faggianelli.fr\/index.php\/les-ateliers-et-webinaires\/#primaryimage"},"image":{"@id":"https:\/\/nathalie-faggianelli.fr\/index.php\/les-ateliers-et-webinaires\/#primaryimage"},"thumbnailUrl":"https:\/\/nathalie-faggianelli.fr\/wp-content\/uploads\/2022\/11\/1d09660f-6574-44c5-8c79-1383a6bf9aee-768x1024.jpeg","datePublished":"2021-07-08T15:16:01+00:00","dateModified":"2023-03-30T18:10:14+00:00","description":"Les ateliers et webinaires que j'organise r\u00e9guli\u00e8rement sur diff\u00e9rents th\u00e8mes en aromath\u00e9rapie, phytoth\u00e9rapie, naturopathie","breadcrumb":{"@id":"https:\/\/nathalie-faggianelli.fr\/index.php\/les-ateliers-et-webinaires\/#breadcrumb"},"inLanguage":"fr-FR","potentialAction":[{"@type":"ReadAction","target":["https:\/\/nathalie-faggianelli.fr\/index.php\/les-ateliers-et-webinaires\/"]}]},{"@type":"ImageObject","inLanguage":"fr-FR","@id":"https:\/\/nathalie-faggianelli.fr\/index.php\/les-ateliers-et-webinaires\/#primaryimage","url":"https:\/\/nathalie-faggianelli.fr\/wp-content\/uploads\/2022\/11\/1d09660f-6574-44c5-8c79-1383a6bf9aee.jpeg","contentUrl":"https:\/\/nathalie-faggianelli.fr\/wp-content\/uploads\/2022\/11\/1d09660f-6574-44c5-8c79-1383a6bf9aee.jpeg","width":1536,"height":2048},{"@type":"BreadcrumbList","@id":"https:\/\/nathalie-faggianelli.fr\/index.php\/les-ateliers-et-webinaires\/#breadcrumb","itemListElement":[{"@type":"ListItem","position":1,"name":"Accueil","item":"https:\/\/nathalie-faggianelli.fr\/index.php\/page-daccueil\/"},{"@type":"ListItem","position":2,"name":"Les ateliers et webinaires"}]},{"@type":"WebSite","@id":"https:\/\/nathalie-faggianelli.fr\/#website","url":"https:\/\/nathalie-faggianelli.fr\/","name":"Nathalie Faggianelli","description":"Phyto-Aromatologue, naturopathe, form\u00e9e en micronutrition \u00e0 Lille - La Madeleine ou en ligne","publisher":{"@id":"https:\/\/nathalie-faggianelli.fr\/#organization"},"potentialAction":[{"@type":"SearchAction","target":{"@type":"EntryPoint","urlTemplate":"https:\/\/nathalie-faggianelli.fr\/?s={search_term_string}"},"query-input":{"@type":"PropertyValueSpecification","valueRequired":true,"valueName":"search_term_string"}}],"inLanguage":"fr-FR"},{"@type":"Organization","@id":"https:\/\/nathalie-faggianelli.fr\/#organization","name":"Nathalie Faggianelli","url":"https:\/\/nathalie-faggianelli.fr\/","logo":{"@type":"ImageObject","inLanguage":"fr-FR","@id":"https:\/\/nathalie-faggianelli.fr\/#\/schema\/logo\/image\/","url":"https:\/\/nathalie-faggianelli.fr\/wp-content\/uploads\/2021\/07\/logo-pro1.png","contentUrl":"https:\/\/nathalie-faggianelli.fr\/wp-content\/uploads\/2021\/07\/logo-pro1.png","width":1728,"height":1521,"caption":"Nathalie Faggianelli"},"image":{"@id":"https:\/\/nathalie-faggianelli.fr\/#\/schema\/logo\/image\/"}}]}},"jetpack_sharing_enabled":true,"_links":{"self":[{"href":"https:\/\/nathalie-faggianelli.fr\/index.php\/wp-json\/wp\/v2\/pages\/122","targetHints":{"allow":["GET"]}}],"collection":[{"href":"https:\/\/nathalie-faggianelli.fr\/index.php\/wp-json\/wp\/v2\/pages"}],"about":[{"href":"https:\/\/nathalie-faggianelli.fr\/index.php\/wp-json\/wp\/v2\/types\/page"}],"author":[{"embeddable":true,"href":"https:\/\/nathalie-faggianelli.fr\/index.php\/wp-json\/wp\/v2\/users\/1"}],"replies":[{"embeddable":true,"href":"https:\/\/nathalie-faggianelli.fr\/index.php\/wp-json\/wp\/v2\/comments?post=122"}],"version-history":[{"count":17,"href":"https:\/\/nathalie-faggianelli.fr\/index.php\/wp-json\/wp\/v2\/pages\/122\/revisions"}],"predecessor-version":[{"id":3419,"href":"https:\/\/nathalie-faggianelli.fr\/index.php\/wp-json\/wp\/v2\/pages\/122\/revisions\/3419"}],"wp:attachment":[{"href":"https:\/\/nathalie-faggianelli.fr\/index.php\/wp-json\/wp\/v2\/media?parent=122"}],"curies":[{"name":"wp","href":"https:\/\/api.w.org\/{rel}","templated":true}]}}