{"id":179,"date":"2021-07-09T09:20:09","date_gmt":"2021-07-09T09:20:09","guid":{"rendered":"https:\/\/nathalie-faggianelli.fr\/?page_id=179"},"modified":"2022-08-05T09:27:14","modified_gmt":"2022-08-05T09:27:14","slug":"partenariats-professionnels","status":"publish","type":"page","link":"https:\/\/nathalie-faggianelli.fr\/index.php\/partenariats-professionnels\/","title":{"rendered":"Partenariat, prestation et formation professionnels"},"content":{"rendered":"\n<hr class=\"wp-block-separator\"\/>\n\n\n\n<h2 class=\"wp-block-heading\">Interventions en p\u00f4les de sant\u00e9, cliniques, h\u00f4pitaux<\/h2>\n\n\n\n<p>L&rsquo;aromath\u00e9rapie et la phytoth\u00e9rapie cliniques sont de plus en plus utilis\u00e9es en milieu hospitalier. Cela peut \u00eatre par exemple pour soutenir un bon r\u00e9tablissement, aider \u00e0 la relaxation et \u00e0 la gestion du stress &#8211; de l&rsquo;anxi\u00e9t\u00e9 (en pr\u00e9 et post op\u00e9ratoire, au quotidien). Mais aussi pour combattre les infections, soulager les inflammations et douleurs chroniques que ce soit en pr\u00e9vention, en accompagnement de soin et en r\u00e9cup\u00e9ration. Elles peuvent \u00e9galement aider les soignants dans leur pratique de soin pour soulager leurs patients et leur entourage, et pour eux-m\u00eames. <\/p>\n\n\n\n<p>L\u2019utilisation des Huiles Essentielles est consid\u00e9r\u00e9e comme une <strong>technique compl\u00e9mentaire de soins non m\u00e9dicamenteux<\/strong>.\u00a0Les Huiles Essentielles ne sont pas reconnues \u00e0 ce jour comme des m\u00e9dicaments. A ce titre, leur utilisation entre dans l\u2019arsenal th\u00e9rapeutique \u00e0 disposition du professionnel de sant\u00e9. Cependant, leur utilisation au sein des h\u00f4pitaux doit se faire sous forme\u00a0de protocoles valid\u00e9s\u00a0par le m\u00e9decin du service, de la cadre et de la direction, m\u00eame si elles s\u2019int\u00e8grent parfaitement dans les missions et le r\u00f4le de l\u2019infirmier, aide-soignant, sage-femme, kin\u00e9sith\u00e9rapeutes&#8230;. Je peux vous aider \u00e0 mettre en place des protocoles ressources th\u00e9rapeutiques, et participer \u00e0 des consultations pluridisciplinaires de soin pour y int\u00e9grer l&rsquo;usage de l&rsquo;aroma-phytoth\u00e9rapie. N&rsquo;h\u00e9sitez pas \u00e0 prendre contact avec moi. <\/p>\n\n\n\n<p>J&rsquo;interviens en p\u00f4les de sant\u00e9 pour l&rsquo;organisation de petits ateliers aupr\u00e8s des patients qui en formulent la demande \u00e0 leur soignant r\u00e9f\u00e9rent du centre. Je propose par exemple des ateliers d&rsquo;aromath\u00e9rapie pour accompagner au mieux une grossesse dans le cadre des s\u00e9ances de pr\u00e9paration \u00e0 l&rsquo;accouchement propos\u00e9es aux futurs couples ou mamans. <\/p>\n\n\n\n<p>Pour en savoir plus sur mon parcours, vous pouvez \u00e9galement lire la page \u00ab\u00a0<a href=\"https:\/\/nathalie-faggianelli.fr\/index.php\/qui-suis-je-aromatherapie\/\">qui suis-je ?<\/a>\u00ab\u00a0. <\/p>\n\n\n\n<h2 class=\"wp-block-heading\">Service de r\u00e9daction<\/h2>\n\n\n\n<p>Dans le but de partager mes connaissances et mon expertise scientifique en aromath\u00e9rapie, phytoth\u00e9rapie, nutrition, micronutrition et dermo-cosm\u00e9tique, je suis ouverte \u00e0 des projets de r\u00e9daction collaborative pour vos projets en interne \u00e0 destination de vos collaborateurs, de votre service ou pour votre communication externe, sous la forme d&rsquo;articles, de chroniques, d&rsquo;e-books, de projets de protocoles cliniques&#8230; <\/p>\n\n\n\n<p>Je travaille r\u00e9guli\u00e8rement avec des \u00e9quipes des h\u00f4pitaux de Strasbourg et Jeanne de Flandres \u00e0 Lille pour la r\u00e9daction de dossiers pour des projets d&rsquo;aromath\u00e9rapie clinique. <\/p>\n\n\n\n<p>Je r\u00e9dige \u00e9galement des articles pour H\u00e9l\u00e8ne et Laurent Filippi, producteurs d&rsquo;Huiles Essentielles bio en Corse (marque<a href=\"https:\/\/intimu.fr\/\"> Intimu<\/a>), pour l&rsquo;association endo&rsquo;PK and Co et l&rsquo;institut de la fertilit\u00e9 de Marion Vallet. <\/p>\n\n\n\n<p><\/p>\n\n\n\n<h2 class=\"wp-block-heading\">Consultations pluridisciplinaires<\/h2>\n\n\n\n<p>Je travaille autant que possible entour\u00e9e de professionnels de sant\u00e9. Cela me tenait \u00e0 coeur de pouvoir int\u00e9grer des cabinets de sant\u00e9 pluridisciplinaires, ceci notamment afin de montrer que l\u2019aromath\u00e9rapie, la phytoth\u00e9rapie sont des disciplines s\u00e9rieuses, scientifiques et non uniquement bas\u00e9es sur des croyances ou des rites sans fondement. C&rsquo;est important de pouvoir redonner leurs lettres de noblesse aux plantes m\u00e9dicinales et apporter leurs b\u00e9n\u00e9fices en m\u00e9decine en parall\u00e8le de l&rsquo;allopathie et non contre elle ! Je ne suis pas m\u00e9decin et ne pose donc pas de diagnostic . Je ne suis pas non plus suis autoris\u00e9e \u00e0 demander l&rsquo;arr\u00eat d&rsquo;un traitement m\u00e9dicamenteux en cours. Je pense que nous pouvons par contre travailler main dans la main avec les professionnels de sant\u00e9. Le temps des m\u00e9decins en consultation est souvent compt\u00e9, et il n&rsquo;est pas possible d&rsquo;y aborder la notion de pr\u00e9vention, d&rsquo;\u00e9quilibrage alimentaire, de gestion des \u00e9motions, de conseils cosm\u00e9tiques en cas de probl\u00e8mes de peau par exemple. Ce que je peux proposer par mon approche. J&rsquo;effectue r\u00e9guli\u00e8rement des journ\u00e9es d&rsquo;immersion avec mes coll\u00e8gues (sage-femme, p\u00e9diatre, ost\u00e9opathe&#8230;) afin de discuter de nos approches compl\u00e9mentaires.<\/p>\n\n\n\n<div class=\"wp-block-image\"><figure class=\"aligncenter size-full is-resized\"><img loading=\"lazy\" decoding=\"async\" src=\"https:\/\/nathalie-faggianelli.fr\/wp-content\/uploads\/2021\/07\/feuille.jpg\" alt=\"\" class=\"wp-image-207\" width=\"280\" height=\"68\" srcset=\"https:\/\/nathalie-faggianelli.fr\/wp-content\/uploads\/2021\/07\/feuille.jpg 425w, https:\/\/nathalie-faggianelli.fr\/wp-content\/uploads\/2021\/07\/feuille-300x73.jpg 300w\" sizes=\"auto, (max-width: 280px) 100vw, 280px\" \/><\/figure><\/div>\n\n\n\n<h2 class=\"wp-block-heading\">Animation d&rsquo;ateliers en pharmacies, magasins bio et entreprises<\/h2>\n\n\n\n<p>J&rsquo;anime \u00e9galement les <strong>ateliers grand public<\/strong> que je propose en services de soin en cliniques priv\u00e9es, en EHPAD, en pharmacies, en magasins bio et au seins d&rsquo;entreprises de la M\u00e9tropole Lilloise sur demande. Lors de ces ateliers d&rsquo;une \u00e0 deux heures, je reviens sur les bases essentielles \u00e0 conna\u00eetre dans l&rsquo;utilisation des plantes m\u00e9dicinales et je r\u00e9ponds \u00e0 leurs questions. Des th\u00e8mes particuliers sont aussi abord\u00e9s (gestion de la douleur, immunit\u00e9, gyn\u00e9cologie, maternit\u00e9&#8230;).<\/p>\n\n\n\n<p>Si vous \u00eates int\u00e9ress\u00e9s pour la mise en place d&rsquo;ateliers ou de s\u00e9ances conseils dans votre entreprise ou \u00e9tablissement de sant\u00e9, n&rsquo;h\u00e9sitez pas \u00e0 prendre contact avec moi. <\/p>\n\n\n\n<p>J&rsquo;interviens notamment au sein des P\u00f4les de Sant\u00e9 :<\/p>\n\n\n\n<ul class=\"wp-block-list\"><li><a href=\"https:\/\/be-mom.fr\/\">Be Mom<\/a> \u00e0 Wasquehal <\/li><li>Devenir M\u00e8re \u00e0 Marcq-en-Baroeul<\/li><\/ul>\n\n\n\n<p>Vous pouvez \u00e9galement retrouver l&rsquo;AGENDA des premiers ateliers.<\/p>\n\n\n\n<div class=\"wp-block-image\"><figure class=\"aligncenter size-full is-resized\"><img loading=\"lazy\" decoding=\"async\" src=\"https:\/\/nathalie-faggianelli.fr\/wp-content\/uploads\/2021\/07\/feuille.jpg\" alt=\"\" class=\"wp-image-207\" width=\"293\" height=\"71\" srcset=\"https:\/\/nathalie-faggianelli.fr\/wp-content\/uploads\/2021\/07\/feuille.jpg 425w, https:\/\/nathalie-faggianelli.fr\/wp-content\/uploads\/2021\/07\/feuille-300x73.jpg 300w\" sizes=\"auto, (max-width: 293px) 100vw, 293px\" \/><\/figure><\/div>\n\n\n\n<h2 class=\"wp-block-heading\">Formation professionnelle<\/h2>\n\n\n\n<p>J&rsquo;anime r\u00e9guli\u00e8rement des formations professionnelles en milieu hospitaliers, cabinets lib\u00e9raux ou au sein de regroupement d&rsquo;infirmiers, de sage-femmes, en EPAPH : formation \u00e0 la bonne utilisation des huiles essentielles, aromath\u00e9rapie et phytoth\u00e9rapie sur diff\u00e9rentes th\u00e9matiques.<\/p>\n\n\n\n<p>Je suis formatrice au sein de l&rsquo;<a href=\"https:\/\/institut2f.com\/\">institut I2F<\/a> de formation \u00e0 la fertilit\u00e9 de Marion Vallet. Prochaine formation les 4 et 11 octobre 2022 en e-learning : <a href=\"https:\/\/institut2f.catalogueformpro.com\/4\/microbiotes\/742219\/microbiotes-sante-hormonale-et-fertilite\">MICROBIOTES, SANTE HORMONALE &amp; FERTILITE<\/a>. <\/p>\n\n\n\n<p><\/p>\n\n\n\n<h2 class=\"wp-block-heading\">Aucun partenariat commercial<\/h2>\n\n\n\n<p>Je n\u2019ai pas et ne souhaite pas de partenariat commercial avec une marque donn\u00e9e d\u2019huiles essentielles, de compl\u00e9ments alimentaires ou tout autre produit en phytoth\u00e9rapie. <\/p>\n\n\n\n<p><em>Pourquoi?<\/em><\/p>\n\n\n\n<p>Etre ind\u00e9pendante de toute marque est pour moi le <strong>gage de transparence et d&rsquo;honn\u00eatet\u00e9 intellectuelle<\/strong>. Je ne souhaite <strong>pas pousser \u00e0 la consommation abusive<\/strong>, \u00e0 coup de promos et de martelage commercial. Une marque peut aussi faire \u00e9voluer ses valeurs, ses compositions de produits et je souhaite \u00eatre libre de ne plus recommander une marque \u00e0 mes consultants si je juge que la qualit\u00e9 n&rsquo;est plus ce qu&rsquo;elle \u00e9tait. &nbsp;<\/p>\n\n\n\n<p>Bien s\u00fbr, je pourrai recommander \u00e0 ceux qui me le demande des marques que j&rsquo;appr\u00e9cie, dont j\u2019ai pu creuser et appr\u00e9cier la qualit\u00e9 et les valeurs.  Je souhaite vous former \u00e0 \u00eatre autonomes et vous apprendre \u00e0 d\u00e9crypter une composition d\u2019un produit, \u00e0 reconna\u00eetre la belle qualit\u00e9 d\u2019une huile essentielle ou d\u2019une tisane. Pour cela, je vous explique les \u00e9l\u00e9ments importants pour prendre la d\u00e9cision, <strong>mais \u00e0 VOUS de vous faire ainsi votre opinion et vos choix avant d\u2019acheter<\/strong>. Et donc pour moi celui qui conseille ne peut pas \u00eatre celui qui vend afin d\u2019\u00eatre le plus objectif possible.<\/p>\n\n\n\n<p><em>MAIS&#8230;<\/em><\/p>\n\n\n\n<p>cela ne veut pas dire que je n\u2019encourage pas les <strong>petits producteurs, nos agriculteurs et artisans fran\u00e7ais et locaux<\/strong> d\u00e8s que je le peux, mais je souhaite le faire librement sans y \u00eatre invit\u00e9e et parce que cela me tient \u00e0 coeur! Vous pourrez donc retrouver tr\u00e8s prochainement une liste dans un article d\u00e9di\u00e9 \u00e0 ce sujet sur mon site. Je donne aussi volontiers mon avis si vous avez une question sur une marque, sur une composition de produit, donc n\u2019h\u00e9sitez pas \u00e0 me contacter sur ce sujet \ud83d\ude42<\/p>\n\n\n\n<p><\/p>\n\n\n\n<hr class=\"wp-block-separator\"\/>\n\n\n\n<h2 class=\"wp-block-heading\">Annuaires professionnels<\/h2>\n\n\n\n<ul class=\"wp-block-list\"><li>Je suis membre du r\u00e9seau des professionnels de sant\u00e9 et du bien-\u00eatre pour l&rsquo;accompagnement des probl\u00e9matiques d&rsquo;endom\u00e9triose, SOPK et troubles hormonaux SPM&#8230;  <a data-type=\"URL\" data-id=\"http:\/\/endopkandco.org\/\" rel=\"noreferrer noopener\" href=\"http:\/\/endopkandco.org\/\" target=\"_blank\">end&rsquo;OPK et co<\/a>. <\/li><\/ul>\n\n\n\n<div class=\"wp-block-image\"><figure class=\"aligncenter size-large is-resized\"><img loading=\"lazy\" decoding=\"async\" src=\"https:\/\/nathalie-faggianelli.fr\/wp-content\/uploads\/2021\/09\/Logo-Membre-adhe\u0301rents-1024x1024.png\" alt=\"functional image\" class=\"wp-image-913\" width=\"342\" height=\"342\" srcset=\"https:\/\/nathalie-faggianelli.fr\/wp-content\/uploads\/2021\/09\/Logo-Membre-adhe\u0301rents-1024x1024.png 1024w, https:\/\/nathalie-faggianelli.fr\/wp-content\/uploads\/2021\/09\/Logo-Membre-adhe\u0301rents-100x100.png 100w, https:\/\/nathalie-faggianelli.fr\/wp-content\/uploads\/2021\/09\/Logo-Membre-adhe\u0301rents-600x600.png 600w, https:\/\/nathalie-faggianelli.fr\/wp-content\/uploads\/2021\/09\/Logo-Membre-adhe\u0301rents-300x300.png 300w, https:\/\/nathalie-faggianelli.fr\/wp-content\/uploads\/2021\/09\/Logo-Membre-adhe\u0301rents-150x150.png 150w, https:\/\/nathalie-faggianelli.fr\/wp-content\/uploads\/2021\/09\/Logo-Membre-adhe\u0301rents-768x768.png 768w, https:\/\/nathalie-faggianelli.fr\/wp-content\/uploads\/2021\/09\/Logo-Membre-adhe\u0301rents-75x75.png 75w, https:\/\/nathalie-faggianelli.fr\/wp-content\/uploads\/2021\/09\/Logo-Membre-adhe\u0301rents.png 1080w\" sizes=\"auto, (max-width: 342px) 100vw, 342px\" \/><\/figure><\/div>\n\n\n\n<ul class=\"wp-block-list\"><li>Je suis \u00e9galement membre de l&rsquo;annuaire <a data-type=\"URL\" data-id=\"https:\/\/www.proxibienetre.fr\" rel=\"noreferrer noopener\" href=\"https:\/\/www.proxibienetre.fr\" target=\"_blank\">proxibientre<\/a>. <\/li><\/ul>\n\n\n\n<p><\/p>\n","protected":false},"excerpt":{"rendered":"<p>Interventions en p\u00f4les de sant\u00e9, cliniques, h\u00f4pitaux L&rsquo;aromath\u00e9rapie et la phytoth\u00e9rapie cliniques sont de plus en plus utilis\u00e9es en milieu hospitalier. Cela peut \u00eatre par exemple pour soutenir un bon r\u00e9tablissement, aider \u00e0 la relaxation et \u00e0 la gestion du&#8230;<\/p>\n<p><a class=\"more-link\" href=\"https:\/\/nathalie-faggianelli.fr\/index.php\/partenariats-professionnels\/\">Read More<\/a><\/p>\n","protected":false},"author":1,"featured_media":0,"parent":0,"menu_order":0,"comment_status":"closed","ping_status":"closed","template":"","meta":{"_genesis_hide_title":false,"_genesis_hide_breadcrumbs":false,"_genesis_hide_singular_image":false,"_genesis_hide_footer_widgets":false,"_genesis_custom_body_class":"","_genesis_custom_post_class":"","_genesis_layout":"","footnotes":""},"class_list":{"0":"post-179","1":"page","2":"type-page","3":"status-publish","5":"entry"},"yoast_head":"<!-- This site is optimized with the Yoast SEO plugin v27.5 - https:\/\/yoast.com\/product\/yoast-seo-wordpress\/ -->\n<title>Partenariat, prestation et formation professionnels - Nathalie Faggianelli<\/title>\n<meta name=\"description\" content=\"Partenariat, prestation et formation professionnels : j&#039;anime des formations professionnelles, des ateliers\" \/>\n<meta name=\"robots\" content=\"index, follow, max-snippet:-1, max-image-preview:large, max-video-preview:-1\" \/>\n<link rel=\"canonical\" href=\"https:\/\/nathalie-faggianelli.fr\/index.php\/partenariats-professionnels\/\" \/>\n<meta property=\"og:locale\" content=\"fr_FR\" \/>\n<meta property=\"og:type\" content=\"article\" \/>\n<meta property=\"og:title\" content=\"Partenariat, prestation et formation professionnels - Nathalie Faggianelli\" \/>\n<meta property=\"og:description\" content=\"Partenariat, prestation et formation professionnels : j&#039;anime des formations professionnelles, des ateliers\" \/>\n<meta property=\"og:url\" content=\"https:\/\/nathalie-faggianelli.fr\/index.php\/partenariats-professionnels\/\" \/>\n<meta property=\"og:site_name\" content=\"Nathalie Faggianelli\" \/>\n<meta property=\"article:modified_time\" content=\"2022-08-05T09:27:14+00:00\" \/>\n<meta property=\"og:image\" content=\"https:\/\/nathalie-faggianelli.fr\/wp-content\/uploads\/2021\/07\/feuille.jpg\" \/>\n<meta name=\"twitter:card\" content=\"summary_large_image\" \/>\n<meta name=\"twitter:label1\" content=\"Dur\u00e9e de lecture estim\u00e9e\" \/>\n\t<meta name=\"twitter:data1\" content=\"7 minutes\" \/>\n<script type=\"application\/ld+json\" class=\"yoast-schema-graph\">{\"@context\":\"https:\\\/\\\/schema.org\",\"@graph\":[{\"@type\":\"WebPage\",\"@id\":\"https:\\\/\\\/nathalie-faggianelli.fr\\\/index.php\\\/partenariats-professionnels\\\/\",\"url\":\"https:\\\/\\\/nathalie-faggianelli.fr\\\/index.php\\\/partenariats-professionnels\\\/\",\"name\":\"Partenariat, prestation et formation professionnels - Nathalie Faggianelli\",\"isPartOf\":{\"@id\":\"https:\\\/\\\/nathalie-faggianelli.fr\\\/#website\"},\"primaryImageOfPage\":{\"@id\":\"https:\\\/\\\/nathalie-faggianelli.fr\\\/index.php\\\/partenariats-professionnels\\\/#primaryimage\"},\"image\":{\"@id\":\"https:\\\/\\\/nathalie-faggianelli.fr\\\/index.php\\\/partenariats-professionnels\\\/#primaryimage\"},\"thumbnailUrl\":\"https:\\\/\\\/nathalie-faggianelli.fr\\\/wp-content\\\/uploads\\\/2021\\\/07\\\/feuille.jpg\",\"datePublished\":\"2021-07-09T09:20:09+00:00\",\"dateModified\":\"2022-08-05T09:27:14+00:00\",\"description\":\"Partenariat, prestation et formation professionnels : j'anime des formations professionnelles, des ateliers\",\"breadcrumb\":{\"@id\":\"https:\\\/\\\/nathalie-faggianelli.fr\\\/index.php\\\/partenariats-professionnels\\\/#breadcrumb\"},\"inLanguage\":\"fr-FR\",\"potentialAction\":[{\"@type\":\"ReadAction\",\"target\":[\"https:\\\/\\\/nathalie-faggianelli.fr\\\/index.php\\\/partenariats-professionnels\\\/\"]}]},{\"@type\":\"ImageObject\",\"inLanguage\":\"fr-FR\",\"@id\":\"https:\\\/\\\/nathalie-faggianelli.fr\\\/index.php\\\/partenariats-professionnels\\\/#primaryimage\",\"url\":\"https:\\\/\\\/nathalie-faggianelli.fr\\\/wp-content\\\/uploads\\\/2021\\\/07\\\/feuille.jpg\",\"contentUrl\":\"https:\\\/\\\/nathalie-faggianelli.fr\\\/wp-content\\\/uploads\\\/2021\\\/07\\\/feuille.jpg\",\"width\":425,\"height\":103},{\"@type\":\"BreadcrumbList\",\"@id\":\"https:\\\/\\\/nathalie-faggianelli.fr\\\/index.php\\\/partenariats-professionnels\\\/#breadcrumb\",\"itemListElement\":[{\"@type\":\"ListItem\",\"position\":1,\"name\":\"Accueil\",\"item\":\"https:\\\/\\\/nathalie-faggianelli.fr\\\/index.php\\\/page-daccueil\\\/\"},{\"@type\":\"ListItem\",\"position\":2,\"name\":\"Partenariat, prestation et formation professionnels\"}]},{\"@type\":\"WebSite\",\"@id\":\"https:\\\/\\\/nathalie-faggianelli.fr\\\/#website\",\"url\":\"https:\\\/\\\/nathalie-faggianelli.fr\\\/\",\"name\":\"Nathalie Faggianelli\",\"description\":\"Phyto-Aromatologue, naturopathe, form\u00e9e en micronutrition \u00e0 Lille - La Madeleine ou en ligne\",\"publisher\":{\"@id\":\"https:\\\/\\\/nathalie-faggianelli.fr\\\/#organization\"},\"potentialAction\":[{\"@type\":\"SearchAction\",\"target\":{\"@type\":\"EntryPoint\",\"urlTemplate\":\"https:\\\/\\\/nathalie-faggianelli.fr\\\/?s={search_term_string}\"},\"query-input\":{\"@type\":\"PropertyValueSpecification\",\"valueRequired\":true,\"valueName\":\"search_term_string\"}}],\"inLanguage\":\"fr-FR\"},{\"@type\":\"Organization\",\"@id\":\"https:\\\/\\\/nathalie-faggianelli.fr\\\/#organization\",\"name\":\"Nathalie Faggianelli\",\"url\":\"https:\\\/\\\/nathalie-faggianelli.fr\\\/\",\"logo\":{\"@type\":\"ImageObject\",\"inLanguage\":\"fr-FR\",\"@id\":\"https:\\\/\\\/nathalie-faggianelli.fr\\\/#\\\/schema\\\/logo\\\/image\\\/\",\"url\":\"https:\\\/\\\/nathalie-faggianelli.fr\\\/wp-content\\\/uploads\\\/2021\\\/07\\\/logo-pro1.png\",\"contentUrl\":\"https:\\\/\\\/nathalie-faggianelli.fr\\\/wp-content\\\/uploads\\\/2021\\\/07\\\/logo-pro1.png\",\"width\":1728,\"height\":1521,\"caption\":\"Nathalie Faggianelli\"},\"image\":{\"@id\":\"https:\\\/\\\/nathalie-faggianelli.fr\\\/#\\\/schema\\\/logo\\\/image\\\/\"}}]}<\/script>\n<!-- \/ Yoast SEO plugin. -->","yoast_head_json":{"title":"Partenariat, prestation et formation professionnels - Nathalie Faggianelli","description":"Partenariat, prestation et formation professionnels : j'anime des formations professionnelles, des ateliers","robots":{"index":"index","follow":"follow","max-snippet":"max-snippet:-1","max-image-preview":"max-image-preview:large","max-video-preview":"max-video-preview:-1"},"canonical":"https:\/\/nathalie-faggianelli.fr\/index.php\/partenariats-professionnels\/","og_locale":"fr_FR","og_type":"article","og_title":"Partenariat, prestation et formation professionnels - Nathalie Faggianelli","og_description":"Partenariat, prestation et formation professionnels : j'anime des formations professionnelles, des ateliers","og_url":"https:\/\/nathalie-faggianelli.fr\/index.php\/partenariats-professionnels\/","og_site_name":"Nathalie Faggianelli","article_modified_time":"2022-08-05T09:27:14+00:00","og_image":[{"url":"https:\/\/nathalie-faggianelli.fr\/wp-content\/uploads\/2021\/07\/feuille.jpg","type":"","width":"","height":""}],"twitter_card":"summary_large_image","twitter_misc":{"Dur\u00e9e de lecture estim\u00e9e":"7 minutes"},"schema":{"@context":"https:\/\/schema.org","@graph":[{"@type":"WebPage","@id":"https:\/\/nathalie-faggianelli.fr\/index.php\/partenariats-professionnels\/","url":"https:\/\/nathalie-faggianelli.fr\/index.php\/partenariats-professionnels\/","name":"Partenariat, prestation et formation professionnels - Nathalie Faggianelli","isPartOf":{"@id":"https:\/\/nathalie-faggianelli.fr\/#website"},"primaryImageOfPage":{"@id":"https:\/\/nathalie-faggianelli.fr\/index.php\/partenariats-professionnels\/#primaryimage"},"image":{"@id":"https:\/\/nathalie-faggianelli.fr\/index.php\/partenariats-professionnels\/#primaryimage"},"thumbnailUrl":"https:\/\/nathalie-faggianelli.fr\/wp-content\/uploads\/2021\/07\/feuille.jpg","datePublished":"2021-07-09T09:20:09+00:00","dateModified":"2022-08-05T09:27:14+00:00","description":"Partenariat, prestation et formation professionnels : j'anime des formations professionnelles, des ateliers","breadcrumb":{"@id":"https:\/\/nathalie-faggianelli.fr\/index.php\/partenariats-professionnels\/#breadcrumb"},"inLanguage":"fr-FR","potentialAction":[{"@type":"ReadAction","target":["https:\/\/nathalie-faggianelli.fr\/index.php\/partenariats-professionnels\/"]}]},{"@type":"ImageObject","inLanguage":"fr-FR","@id":"https:\/\/nathalie-faggianelli.fr\/index.php\/partenariats-professionnels\/#primaryimage","url":"https:\/\/nathalie-faggianelli.fr\/wp-content\/uploads\/2021\/07\/feuille.jpg","contentUrl":"https:\/\/nathalie-faggianelli.fr\/wp-content\/uploads\/2021\/07\/feuille.jpg","width":425,"height":103},{"@type":"BreadcrumbList","@id":"https:\/\/nathalie-faggianelli.fr\/index.php\/partenariats-professionnels\/#breadcrumb","itemListElement":[{"@type":"ListItem","position":1,"name":"Accueil","item":"https:\/\/nathalie-faggianelli.fr\/index.php\/page-daccueil\/"},{"@type":"ListItem","position":2,"name":"Partenariat, prestation et formation professionnels"}]},{"@type":"WebSite","@id":"https:\/\/nathalie-faggianelli.fr\/#website","url":"https:\/\/nathalie-faggianelli.fr\/","name":"Nathalie Faggianelli","description":"Phyto-Aromatologue, naturopathe, form\u00e9e en micronutrition \u00e0 Lille - La Madeleine ou en ligne","publisher":{"@id":"https:\/\/nathalie-faggianelli.fr\/#organization"},"potentialAction":[{"@type":"SearchAction","target":{"@type":"EntryPoint","urlTemplate":"https:\/\/nathalie-faggianelli.fr\/?s={search_term_string}"},"query-input":{"@type":"PropertyValueSpecification","valueRequired":true,"valueName":"search_term_string"}}],"inLanguage":"fr-FR"},{"@type":"Organization","@id":"https:\/\/nathalie-faggianelli.fr\/#organization","name":"Nathalie Faggianelli","url":"https:\/\/nathalie-faggianelli.fr\/","logo":{"@type":"ImageObject","inLanguage":"fr-FR","@id":"https:\/\/nathalie-faggianelli.fr\/#\/schema\/logo\/image\/","url":"https:\/\/nathalie-faggianelli.fr\/wp-content\/uploads\/2021\/07\/logo-pro1.png","contentUrl":"https:\/\/nathalie-faggianelli.fr\/wp-content\/uploads\/2021\/07\/logo-pro1.png","width":1728,"height":1521,"caption":"Nathalie Faggianelli"},"image":{"@id":"https:\/\/nathalie-faggianelli.fr\/#\/schema\/logo\/image\/"}}]}},"jetpack_sharing_enabled":true,"_links":{"self":[{"href":"https:\/\/nathalie-faggianelli.fr\/index.php\/wp-json\/wp\/v2\/pages\/179","targetHints":{"allow":["GET"]}}],"collection":[{"href":"https:\/\/nathalie-faggianelli.fr\/index.php\/wp-json\/wp\/v2\/pages"}],"about":[{"href":"https:\/\/nathalie-faggianelli.fr\/index.php\/wp-json\/wp\/v2\/types\/page"}],"author":[{"embeddable":true,"href":"https:\/\/nathalie-faggianelli.fr\/index.php\/wp-json\/wp\/v2\/users\/1"}],"replies":[{"embeddable":true,"href":"https:\/\/nathalie-faggianelli.fr\/index.php\/wp-json\/wp\/v2\/comments?post=179"}],"version-history":[{"count":21,"href":"https:\/\/nathalie-faggianelli.fr\/index.php\/wp-json\/wp\/v2\/pages\/179\/revisions"}],"predecessor-version":[{"id":2563,"href":"https:\/\/nathalie-faggianelli.fr\/index.php\/wp-json\/wp\/v2\/pages\/179\/revisions\/2563"}],"wp:attachment":[{"href":"https:\/\/nathalie-faggianelli.fr\/index.php\/wp-json\/wp\/v2\/media?parent=179"}],"curies":[{"name":"wp","href":"https:\/\/api.w.org\/{rel}","templated":true}]}}