{"id":3007,"date":"2022-12-17T14:39:13","date_gmt":"2022-12-17T14:39:13","guid":{"rendered":"https:\/\/nathalie-faggianelli.fr\/?page_id=3007"},"modified":"2022-12-23T12:27:09","modified_gmt":"2022-12-23T12:27:09","slug":"bon-cadeau","status":"publish","type":"page","link":"https:\/\/nathalie-faggianelli.fr\/index.php\/bon-cadeau\/","title":{"rendered":"Bon cadeau"},"content":{"rendered":"\n<div class=\"wp-block-columns is-layout-flex wp-container-core-columns-is-layout-9d6595d7 wp-block-columns-is-layout-flex\">\n<div class=\"wp-block-column is-layout-flow wp-block-column-is-layout-flow\">\n<figure class=\"wp-block-image size-full\"><img loading=\"lazy\" decoding=\"async\" width=\"670\" height=\"672\" src=\"https:\/\/nathalie-faggianelli.fr\/wp-content\/uploads\/2022\/12\/cadeau.jpg\" alt=\"\" class=\"wp-image-3008\" srcset=\"https:\/\/nathalie-faggianelli.fr\/wp-content\/uploads\/2022\/12\/cadeau.jpg 670w, https:\/\/nathalie-faggianelli.fr\/wp-content\/uploads\/2022\/12\/cadeau-100x100.jpg 100w, https:\/\/nathalie-faggianelli.fr\/wp-content\/uploads\/2022\/12\/cadeau-600x602.jpg 600w, https:\/\/nathalie-faggianelli.fr\/wp-content\/uploads\/2022\/12\/cadeau-300x300.jpg 300w, https:\/\/nathalie-faggianelli.fr\/wp-content\/uploads\/2022\/12\/cadeau-150x150.jpg 150w\" sizes=\"auto, (max-width: 670px) 100vw, 670px\" \/><\/figure>\n<\/div>\n\n\n\n<div class=\"wp-block-column is-layout-flow wp-block-column-is-layout-flow\">\n<p>Si vous offriez un bon cadeau \u00ab\u00a0bien-\u00eatre\u00a0\u00bb pour les f\u00eates de fin d&rsquo;ann\u00e9e, un anniversaire ou un \u00e9v\u00e8nement particulier ? Tous les bons sont personnalisables, n&rsquo;h\u00e9sitez pas \u00e0 prendre contact avec moi pour toute demande et question ! <\/p>\n<\/div>\n<\/div>\n\n\n\n<h2 class=\"wp-block-heading\">Bon pour une consultation bien-\u00eatre<\/h2>\n\n\n\n<p>Adulte, b\u00e9b\u00e9-enfant ou femme enceinte. Voir les tarifs et informations : <a href=\"https:\/\/nathalie-faggianelli.fr\/index.php\/les-consultations\/\">Mes accompagnements<\/a><\/p>\n\n\n\n<p><\/p>\n\n\n\n<h2 class=\"wp-block-heading\">Bon pour un atelier<\/h2>\n\n\n\n<p>Un th\u00e8me vous int\u00e9resse mais vous n&rsquo;\u00e9tiez pas disponible aux dates propos\u00e9es dans l&rsquo;<a href=\"https:\/\/nathalie-faggianelli.fr\/index.php\/agenda\/\">AGENDA<\/a> ? Pas de soucis, contactez-moi et nous pourrons trouver une date qui convienne pour le reprogrammer \u00e0 partir de 3 personnes. <\/p>\n\n\n\n<p>Offrez un bon cadeau \u00e0 l&rsquo;occasion par exemple d&rsquo;un anniversaire, EVJF, baby-shower ou blessing way pour la future maman, d&rsquo;un cadeau de No\u00ebl ou toute autre demande \ud83d\ude42<\/p>\n\n\n\n<p>N&rsquo;h\u00e9sitez pas \u00e0 prendre contact avec moi pour un devis et plus d&rsquo;informations. Les ateliers peuvent s&rsquo;organiser \u00e0 votre domicile, dans le lieu de votre choix. Toute r\u00e9servation devra se faire minimum 3 semaines avant la date souhait\u00e9e.  <\/p>\n\n\n\n<div class=\"wp-block-columns is-layout-flex wp-container-core-columns-is-layout-9d6595d7 wp-block-columns-is-layout-flex\">\n<div class=\"wp-block-column is-layout-flow wp-block-column-is-layout-flow\">\n<figure class=\"wp-block-image size-large\"><img loading=\"lazy\" decoding=\"async\" width=\"1024\" height=\"1024\" src=\"https:\/\/nathalie-faggianelli.fr\/wp-content\/uploads\/2021\/12\/atelier-baby-shower-1-1024x1024.jpg\" alt=\"\" class=\"wp-image-1486\" srcset=\"https:\/\/nathalie-faggianelli.fr\/wp-content\/uploads\/2021\/12\/atelier-baby-shower-1-1024x1024.jpg 1024w, https:\/\/nathalie-faggianelli.fr\/wp-content\/uploads\/2021\/12\/atelier-baby-shower-1-100x100.jpg 100w, https:\/\/nathalie-faggianelli.fr\/wp-content\/uploads\/2021\/12\/atelier-baby-shower-1-600x600.jpg 600w, https:\/\/nathalie-faggianelli.fr\/wp-content\/uploads\/2021\/12\/atelier-baby-shower-1-300x300.jpg 300w, https:\/\/nathalie-faggianelli.fr\/wp-content\/uploads\/2021\/12\/atelier-baby-shower-1-150x150.jpg 150w, https:\/\/nathalie-faggianelli.fr\/wp-content\/uploads\/2021\/12\/atelier-baby-shower-1-768x768.jpg 768w, https:\/\/nathalie-faggianelli.fr\/wp-content\/uploads\/2021\/12\/atelier-baby-shower-1-75x75.jpg 75w, https:\/\/nathalie-faggianelli.fr\/wp-content\/uploads\/2021\/12\/atelier-baby-shower-1.jpg 1080w\" sizes=\"auto, (max-width: 1024px) 100vw, 1024px\" \/><figcaption class=\"wp-element-caption\">Cosm\u00e9tiques b\u00e9b\u00e9<\/figcaption><\/figure>\n<\/div>\n\n\n\n<div class=\"wp-block-column is-layout-flow wp-block-column-is-layout-flow\">\n<figure class=\"wp-block-image size-large\"><img loading=\"lazy\" decoding=\"async\" width=\"1024\" height=\"1024\" src=\"https:\/\/nathalie-faggianelli.fr\/wp-content\/uploads\/2021\/12\/atelier-cosmetoadulte-1024x1024.jpg\" alt=\"\" class=\"wp-image-1487\" srcset=\"https:\/\/nathalie-faggianelli.fr\/wp-content\/uploads\/2021\/12\/atelier-cosmetoadulte-1024x1024.jpg 1024w, https:\/\/nathalie-faggianelli.fr\/wp-content\/uploads\/2021\/12\/atelier-cosmetoadulte-100x100.jpg 100w, https:\/\/nathalie-faggianelli.fr\/wp-content\/uploads\/2021\/12\/atelier-cosmetoadulte-600x600.jpg 600w, https:\/\/nathalie-faggianelli.fr\/wp-content\/uploads\/2021\/12\/atelier-cosmetoadulte-300x300.jpg 300w, https:\/\/nathalie-faggianelli.fr\/wp-content\/uploads\/2021\/12\/atelier-cosmetoadulte-150x150.jpg 150w, https:\/\/nathalie-faggianelli.fr\/wp-content\/uploads\/2021\/12\/atelier-cosmetoadulte-768x768.jpg 768w, https:\/\/nathalie-faggianelli.fr\/wp-content\/uploads\/2021\/12\/atelier-cosmetoadulte-75x75.jpg 75w, https:\/\/nathalie-faggianelli.fr\/wp-content\/uploads\/2021\/12\/atelier-cosmetoadulte.jpg 1080w\" sizes=\"auto, (max-width: 1024px) 100vw, 1024px\" \/><figcaption class=\"wp-element-caption\">Cosm\u00e9tiques Adulte<\/figcaption><\/figure>\n<\/div>\n<\/div>\n\n\n\n<div class=\"wp-block-columns is-layout-flex wp-container-core-columns-is-layout-9d6595d7 wp-block-columns-is-layout-flex\">\n<div class=\"wp-block-column is-layout-flow wp-block-column-is-layout-flow\">\n<figure class=\"wp-block-image size-large\"><img loading=\"lazy\" decoding=\"async\" width=\"1024\" height=\"1024\" src=\"https:\/\/nathalie-faggianelli.fr\/wp-content\/uploads\/2022\/08\/atelier-cyclefem-1024x1024.jpg\" alt=\"\" class=\"wp-image-2577\" srcset=\"https:\/\/nathalie-faggianelli.fr\/wp-content\/uploads\/2022\/08\/atelier-cyclefem-1024x1024.jpg 1024w, https:\/\/nathalie-faggianelli.fr\/wp-content\/uploads\/2022\/08\/atelier-cyclefem-100x100.jpg 100w, https:\/\/nathalie-faggianelli.fr\/wp-content\/uploads\/2022\/08\/atelier-cyclefem-600x600.jpg 600w, https:\/\/nathalie-faggianelli.fr\/wp-content\/uploads\/2022\/08\/atelier-cyclefem-300x300.jpg 300w, https:\/\/nathalie-faggianelli.fr\/wp-content\/uploads\/2022\/08\/atelier-cyclefem-150x150.jpg 150w, https:\/\/nathalie-faggianelli.fr\/wp-content\/uploads\/2022\/08\/atelier-cyclefem-768x768.jpg 768w, https:\/\/nathalie-faggianelli.fr\/wp-content\/uploads\/2022\/08\/atelier-cyclefem.jpg 1080w\" sizes=\"auto, (max-width: 1024px) 100vw, 1024px\" \/><figcaption class=\"wp-element-caption\">Cycle f\u00e9minin<\/figcaption><\/figure>\n<\/div>\n\n\n\n<div class=\"wp-block-column is-layout-flow wp-block-column-is-layout-flow\">\n<figure class=\"wp-block-image size-large\"><img loading=\"lazy\" decoding=\"async\" width=\"1024\" height=\"1024\" src=\"https:\/\/nathalie-faggianelli.fr\/wp-content\/uploads\/2022\/08\/atelier-premre\u0300gles-1024x1024.jpg\" alt=\"\" class=\"wp-image-2578\" srcset=\"https:\/\/nathalie-faggianelli.fr\/wp-content\/uploads\/2022\/08\/atelier-premre\u0300gles-1024x1024.jpg 1024w, https:\/\/nathalie-faggianelli.fr\/wp-content\/uploads\/2022\/08\/atelier-premre\u0300gles-100x100.jpg 100w, https:\/\/nathalie-faggianelli.fr\/wp-content\/uploads\/2022\/08\/atelier-premre\u0300gles-600x600.jpg 600w, https:\/\/nathalie-faggianelli.fr\/wp-content\/uploads\/2022\/08\/atelier-premre\u0300gles-300x300.jpg 300w, https:\/\/nathalie-faggianelli.fr\/wp-content\/uploads\/2022\/08\/atelier-premre\u0300gles-150x150.jpg 150w, https:\/\/nathalie-faggianelli.fr\/wp-content\/uploads\/2022\/08\/atelier-premre\u0300gles-768x768.jpg 768w, https:\/\/nathalie-faggianelli.fr\/wp-content\/uploads\/2022\/08\/atelier-premre\u0300gles.jpg 1080w\" sizes=\"auto, (max-width: 1024px) 100vw, 1024px\" \/><figcaption class=\"wp-element-caption\">Mes premi\u00e8res r\u00e8gles<\/figcaption><\/figure>\n<\/div>\n<\/div>\n\n\n\n<div class=\"wp-block-columns is-layout-flex wp-container-core-columns-is-layout-9d6595d7 wp-block-columns-is-layout-flex\">\n<div class=\"wp-block-column is-layout-flow wp-block-column-is-layout-flow\">\n<figure class=\"wp-block-image size-large\"><img loading=\"lazy\" decoding=\"async\" width=\"1024\" height=\"1024\" src=\"https:\/\/nathalie-faggianelli.fr\/wp-content\/uploads\/2022\/08\/atelier-aroma-1024x1024.jpg\" alt=\"\" class=\"wp-image-2579\" srcset=\"https:\/\/nathalie-faggianelli.fr\/wp-content\/uploads\/2022\/08\/atelier-aroma-1024x1024.jpg 1024w, https:\/\/nathalie-faggianelli.fr\/wp-content\/uploads\/2022\/08\/atelier-aroma-100x100.jpg 100w, https:\/\/nathalie-faggianelli.fr\/wp-content\/uploads\/2022\/08\/atelier-aroma-600x600.jpg 600w, https:\/\/nathalie-faggianelli.fr\/wp-content\/uploads\/2022\/08\/atelier-aroma-300x300.jpg 300w, https:\/\/nathalie-faggianelli.fr\/wp-content\/uploads\/2022\/08\/atelier-aroma-150x150.jpg 150w, https:\/\/nathalie-faggianelli.fr\/wp-content\/uploads\/2022\/08\/atelier-aroma-768x768.jpg 768w, https:\/\/nathalie-faggianelli.fr\/wp-content\/uploads\/2022\/08\/atelier-aroma.jpg 1080w\" sizes=\"auto, (max-width: 1024px) 100vw, 1024px\" \/><figcaption class=\"wp-element-caption\">Aromath\u00e9rapie-Phytoth\u00e9rapie<\/figcaption><\/figure>\n<\/div>\n\n\n\n<div class=\"wp-block-column is-layout-flow wp-block-column-is-layout-flow\"><\/div>\n<\/div>\n\n\n\n<p><strong>Exemple de bon personnalis\u00e9 ici pour une s\u00e9ance individuelle en aromath\u00e9rapie<\/strong><\/p>\n\n\n<div class=\"wp-block-image\">\n<figure class=\"aligncenter size-large is-resized\"><img loading=\"lazy\" decoding=\"async\" src=\"https:\/\/nathalie-faggianelli.fr\/wp-content\/uploads\/2022\/11\/BonCadeauAroma-1024x681.jpg\" alt=\"\" class=\"wp-image-2855\" width=\"686\" height=\"456\" srcset=\"https:\/\/nathalie-faggianelli.fr\/wp-content\/uploads\/2022\/11\/BonCadeauAroma-1024x681.jpg 1024w, https:\/\/nathalie-faggianelli.fr\/wp-content\/uploads\/2022\/11\/BonCadeauAroma-600x399.jpg 600w, https:\/\/nathalie-faggianelli.fr\/wp-content\/uploads\/2022\/11\/BonCadeauAroma-300x200.jpg 300w, https:\/\/nathalie-faggianelli.fr\/wp-content\/uploads\/2022\/11\/BonCadeauAroma-768x511.jpg 768w, https:\/\/nathalie-faggianelli.fr\/wp-content\/uploads\/2022\/11\/BonCadeauAroma-1536x1022.jpg 1536w, https:\/\/nathalie-faggianelli.fr\/wp-content\/uploads\/2022\/11\/BonCadeauAroma.jpg 2000w\" sizes=\"auto, (max-width: 686px) 100vw, 686px\" \/><\/figure><\/div>\n\n\n<h2 class=\"wp-block-heading\">Comment obtenir mon bon cadeau ? <\/h2>\n\n\n\n<p>Si un bon cadeau vous int\u00e9resse, vous pouvez m&rsquo;adresser un message avec vos noms, pr\u00e9noms, nom de la personne destinataire et type de bon sur ma <a href=\"https:\/\/nathalie-faggianelli.fr\/index.php\/me-contacter\/\">boite de contact<\/a>. <\/p>\n","protected":false},"excerpt":{"rendered":"<p>Si vous offriez un bon cadeau \u00ab\u00a0bien-\u00eatre\u00a0\u00bb pour les f\u00eates de fin d&rsquo;ann\u00e9e, un anniversaire ou un \u00e9v\u00e8nement particulier ? Tous les bons sont personnalisables, n&rsquo;h\u00e9sitez pas \u00e0 prendre contact avec moi pour toute demande et question ! Bon pour&#8230;<\/p>\n<p><a class=\"more-link\" href=\"https:\/\/nathalie-faggianelli.fr\/index.php\/bon-cadeau\/\">Read More<\/a><\/p>\n","protected":false},"author":1,"featured_media":3008,"parent":0,"menu_order":0,"comment_status":"closed","ping_status":"closed","template":"","meta":{"_genesis_hide_title":false,"_genesis_hide_breadcrumbs":false,"_genesis_hide_singular_image":false,"_genesis_hide_footer_widgets":false,"_genesis_custom_body_class":"","_genesis_custom_post_class":"","_genesis_layout":"","footnotes":""},"class_list":{"0":"post-3007","1":"page","2":"type-page","3":"status-publish","4":"has-post-thumbnail","6":"entry"},"yoast_head":"<!-- This site is optimized with the Yoast SEO plugin v27.5 - https:\/\/yoast.com\/product\/yoast-seo-wordpress\/ -->\n<title>Bon cadeau - Nathalie Faggianelli<\/title>\n<meta name=\"description\" content=\"Bon cadeau : offrez un bon pour une consultation bien-\u00eatre, un atelier en naturopathie, aromath\u00e9rapie, phytoth\u00e9rapie\" \/>\n<meta name=\"robots\" content=\"index, follow, max-snippet:-1, max-image-preview:large, max-video-preview:-1\" \/>\n<link rel=\"canonical\" href=\"https:\/\/nathalie-faggianelli.fr\/index.php\/bon-cadeau\/\" \/>\n<meta property=\"og:locale\" content=\"fr_FR\" \/>\n<meta property=\"og:type\" content=\"article\" \/>\n<meta property=\"og:title\" content=\"Bon cadeau - Nathalie Faggianelli\" \/>\n<meta property=\"og:description\" content=\"Bon cadeau : offrez un bon pour une consultation bien-\u00eatre, un atelier en naturopathie, aromath\u00e9rapie, phytoth\u00e9rapie\" \/>\n<meta property=\"og:url\" content=\"https:\/\/nathalie-faggianelli.fr\/index.php\/bon-cadeau\/\" \/>\n<meta property=\"og:site_name\" content=\"Nathalie Faggianelli\" \/>\n<meta property=\"article:modified_time\" content=\"2022-12-23T12:27:09+00:00\" \/>\n<meta property=\"og:image\" content=\"https:\/\/nathalie-faggianelli.fr\/wp-content\/uploads\/2022\/12\/cadeau.jpg\" \/>\n\t<meta property=\"og:image:width\" content=\"670\" \/>\n\t<meta property=\"og:image:height\" content=\"672\" \/>\n\t<meta property=\"og:image:type\" content=\"image\/jpeg\" \/>\n<meta name=\"twitter:card\" content=\"summary_large_image\" \/>\n<meta name=\"twitter:label1\" content=\"Dur\u00e9e de lecture estim\u00e9e\" \/>\n\t<meta name=\"twitter:data1\" content=\"3 minutes\" \/>\n<script type=\"application\/ld+json\" class=\"yoast-schema-graph\">{\"@context\":\"https:\\\/\\\/schema.org\",\"@graph\":[{\"@type\":\"WebPage\",\"@id\":\"https:\\\/\\\/nathalie-faggianelli.fr\\\/index.php\\\/bon-cadeau\\\/\",\"url\":\"https:\\\/\\\/nathalie-faggianelli.fr\\\/index.php\\\/bon-cadeau\\\/\",\"name\":\"Bon cadeau - Nathalie Faggianelli\",\"isPartOf\":{\"@id\":\"https:\\\/\\\/nathalie-faggianelli.fr\\\/#website\"},\"primaryImageOfPage\":{\"@id\":\"https:\\\/\\\/nathalie-faggianelli.fr\\\/index.php\\\/bon-cadeau\\\/#primaryimage\"},\"image\":{\"@id\":\"https:\\\/\\\/nathalie-faggianelli.fr\\\/index.php\\\/bon-cadeau\\\/#primaryimage\"},\"thumbnailUrl\":\"https:\\\/\\\/nathalie-faggianelli.fr\\\/wp-content\\\/uploads\\\/2022\\\/12\\\/cadeau.jpg\",\"datePublished\":\"2022-12-17T14:39:13+00:00\",\"dateModified\":\"2022-12-23T12:27:09+00:00\",\"description\":\"Bon cadeau : offrez un bon pour une consultation bien-\u00eatre, un atelier en naturopathie, aromath\u00e9rapie, phytoth\u00e9rapie\",\"breadcrumb\":{\"@id\":\"https:\\\/\\\/nathalie-faggianelli.fr\\\/index.php\\\/bon-cadeau\\\/#breadcrumb\"},\"inLanguage\":\"fr-FR\",\"potentialAction\":[{\"@type\":\"ReadAction\",\"target\":[\"https:\\\/\\\/nathalie-faggianelli.fr\\\/index.php\\\/bon-cadeau\\\/\"]}]},{\"@type\":\"ImageObject\",\"inLanguage\":\"fr-FR\",\"@id\":\"https:\\\/\\\/nathalie-faggianelli.fr\\\/index.php\\\/bon-cadeau\\\/#primaryimage\",\"url\":\"https:\\\/\\\/nathalie-faggianelli.fr\\\/wp-content\\\/uploads\\\/2022\\\/12\\\/cadeau.jpg\",\"contentUrl\":\"https:\\\/\\\/nathalie-faggianelli.fr\\\/wp-content\\\/uploads\\\/2022\\\/12\\\/cadeau.jpg\",\"width\":670,\"height\":672},{\"@type\":\"BreadcrumbList\",\"@id\":\"https:\\\/\\\/nathalie-faggianelli.fr\\\/index.php\\\/bon-cadeau\\\/#breadcrumb\",\"itemListElement\":[{\"@type\":\"ListItem\",\"position\":1,\"name\":\"Accueil\",\"item\":\"https:\\\/\\\/nathalie-faggianelli.fr\\\/index.php\\\/page-daccueil\\\/\"},{\"@type\":\"ListItem\",\"position\":2,\"name\":\"Bon cadeau\"}]},{\"@type\":\"WebSite\",\"@id\":\"https:\\\/\\\/nathalie-faggianelli.fr\\\/#website\",\"url\":\"https:\\\/\\\/nathalie-faggianelli.fr\\\/\",\"name\":\"Nathalie Faggianelli\",\"description\":\"Phyto-Aromatologue, naturopathe, form\u00e9e en micronutrition \u00e0 Lille - La Madeleine ou en ligne\",\"publisher\":{\"@id\":\"https:\\\/\\\/nathalie-faggianelli.fr\\\/#organization\"},\"potentialAction\":[{\"@type\":\"SearchAction\",\"target\":{\"@type\":\"EntryPoint\",\"urlTemplate\":\"https:\\\/\\\/nathalie-faggianelli.fr\\\/?s={search_term_string}\"},\"query-input\":{\"@type\":\"PropertyValueSpecification\",\"valueRequired\":true,\"valueName\":\"search_term_string\"}}],\"inLanguage\":\"fr-FR\"},{\"@type\":\"Organization\",\"@id\":\"https:\\\/\\\/nathalie-faggianelli.fr\\\/#organization\",\"name\":\"Nathalie Faggianelli\",\"url\":\"https:\\\/\\\/nathalie-faggianelli.fr\\\/\",\"logo\":{\"@type\":\"ImageObject\",\"inLanguage\":\"fr-FR\",\"@id\":\"https:\\\/\\\/nathalie-faggianelli.fr\\\/#\\\/schema\\\/logo\\\/image\\\/\",\"url\":\"https:\\\/\\\/nathalie-faggianelli.fr\\\/wp-content\\\/uploads\\\/2021\\\/07\\\/logo-pro1.png\",\"contentUrl\":\"https:\\\/\\\/nathalie-faggianelli.fr\\\/wp-content\\\/uploads\\\/2021\\\/07\\\/logo-pro1.png\",\"width\":1728,\"height\":1521,\"caption\":\"Nathalie Faggianelli\"},\"image\":{\"@id\":\"https:\\\/\\\/nathalie-faggianelli.fr\\\/#\\\/schema\\\/logo\\\/image\\\/\"}}]}<\/script>\n<!-- \/ Yoast SEO plugin. -->","yoast_head_json":{"title":"Bon cadeau - Nathalie Faggianelli","description":"Bon cadeau : offrez un bon pour une consultation bien-\u00eatre, un atelier en naturopathie, aromath\u00e9rapie, phytoth\u00e9rapie","robots":{"index":"index","follow":"follow","max-snippet":"max-snippet:-1","max-image-preview":"max-image-preview:large","max-video-preview":"max-video-preview:-1"},"canonical":"https:\/\/nathalie-faggianelli.fr\/index.php\/bon-cadeau\/","og_locale":"fr_FR","og_type":"article","og_title":"Bon cadeau - Nathalie Faggianelli","og_description":"Bon cadeau : offrez un bon pour une consultation bien-\u00eatre, un atelier en naturopathie, aromath\u00e9rapie, phytoth\u00e9rapie","og_url":"https:\/\/nathalie-faggianelli.fr\/index.php\/bon-cadeau\/","og_site_name":"Nathalie Faggianelli","article_modified_time":"2022-12-23T12:27:09+00:00","og_image":[{"width":670,"height":672,"url":"https:\/\/nathalie-faggianelli.fr\/wp-content\/uploads\/2022\/12\/cadeau.jpg","type":"image\/jpeg"}],"twitter_card":"summary_large_image","twitter_misc":{"Dur\u00e9e de lecture estim\u00e9e":"3 minutes"},"schema":{"@context":"https:\/\/schema.org","@graph":[{"@type":"WebPage","@id":"https:\/\/nathalie-faggianelli.fr\/index.php\/bon-cadeau\/","url":"https:\/\/nathalie-faggianelli.fr\/index.php\/bon-cadeau\/","name":"Bon cadeau - Nathalie Faggianelli","isPartOf":{"@id":"https:\/\/nathalie-faggianelli.fr\/#website"},"primaryImageOfPage":{"@id":"https:\/\/nathalie-faggianelli.fr\/index.php\/bon-cadeau\/#primaryimage"},"image":{"@id":"https:\/\/nathalie-faggianelli.fr\/index.php\/bon-cadeau\/#primaryimage"},"thumbnailUrl":"https:\/\/nathalie-faggianelli.fr\/wp-content\/uploads\/2022\/12\/cadeau.jpg","datePublished":"2022-12-17T14:39:13+00:00","dateModified":"2022-12-23T12:27:09+00:00","description":"Bon cadeau : offrez un bon pour une consultation bien-\u00eatre, un atelier en naturopathie, aromath\u00e9rapie, phytoth\u00e9rapie","breadcrumb":{"@id":"https:\/\/nathalie-faggianelli.fr\/index.php\/bon-cadeau\/#breadcrumb"},"inLanguage":"fr-FR","potentialAction":[{"@type":"ReadAction","target":["https:\/\/nathalie-faggianelli.fr\/index.php\/bon-cadeau\/"]}]},{"@type":"ImageObject","inLanguage":"fr-FR","@id":"https:\/\/nathalie-faggianelli.fr\/index.php\/bon-cadeau\/#primaryimage","url":"https:\/\/nathalie-faggianelli.fr\/wp-content\/uploads\/2022\/12\/cadeau.jpg","contentUrl":"https:\/\/nathalie-faggianelli.fr\/wp-content\/uploads\/2022\/12\/cadeau.jpg","width":670,"height":672},{"@type":"BreadcrumbList","@id":"https:\/\/nathalie-faggianelli.fr\/index.php\/bon-cadeau\/#breadcrumb","itemListElement":[{"@type":"ListItem","position":1,"name":"Accueil","item":"https:\/\/nathalie-faggianelli.fr\/index.php\/page-daccueil\/"},{"@type":"ListItem","position":2,"name":"Bon cadeau"}]},{"@type":"WebSite","@id":"https:\/\/nathalie-faggianelli.fr\/#website","url":"https:\/\/nathalie-faggianelli.fr\/","name":"Nathalie Faggianelli","description":"Phyto-Aromatologue, naturopathe, form\u00e9e en micronutrition \u00e0 Lille - La Madeleine ou en ligne","publisher":{"@id":"https:\/\/nathalie-faggianelli.fr\/#organization"},"potentialAction":[{"@type":"SearchAction","target":{"@type":"EntryPoint","urlTemplate":"https:\/\/nathalie-faggianelli.fr\/?s={search_term_string}"},"query-input":{"@type":"PropertyValueSpecification","valueRequired":true,"valueName":"search_term_string"}}],"inLanguage":"fr-FR"},{"@type":"Organization","@id":"https:\/\/nathalie-faggianelli.fr\/#organization","name":"Nathalie Faggianelli","url":"https:\/\/nathalie-faggianelli.fr\/","logo":{"@type":"ImageObject","inLanguage":"fr-FR","@id":"https:\/\/nathalie-faggianelli.fr\/#\/schema\/logo\/image\/","url":"https:\/\/nathalie-faggianelli.fr\/wp-content\/uploads\/2021\/07\/logo-pro1.png","contentUrl":"https:\/\/nathalie-faggianelli.fr\/wp-content\/uploads\/2021\/07\/logo-pro1.png","width":1728,"height":1521,"caption":"Nathalie Faggianelli"},"image":{"@id":"https:\/\/nathalie-faggianelli.fr\/#\/schema\/logo\/image\/"}}]}},"jetpack_sharing_enabled":true,"_links":{"self":[{"href":"https:\/\/nathalie-faggianelli.fr\/index.php\/wp-json\/wp\/v2\/pages\/3007","targetHints":{"allow":["GET"]}}],"collection":[{"href":"https:\/\/nathalie-faggianelli.fr\/index.php\/wp-json\/wp\/v2\/pages"}],"about":[{"href":"https:\/\/nathalie-faggianelli.fr\/index.php\/wp-json\/wp\/v2\/types\/page"}],"author":[{"embeddable":true,"href":"https:\/\/nathalie-faggianelli.fr\/index.php\/wp-json\/wp\/v2\/users\/1"}],"replies":[{"embeddable":true,"href":"https:\/\/nathalie-faggianelli.fr\/index.php\/wp-json\/wp\/v2\/comments?post=3007"}],"version-history":[{"count":3,"href":"https:\/\/nathalie-faggianelli.fr\/index.php\/wp-json\/wp\/v2\/pages\/3007\/revisions"}],"predecessor-version":[{"id":3068,"href":"https:\/\/nathalie-faggianelli.fr\/index.php\/wp-json\/wp\/v2\/pages\/3007\/revisions\/3068"}],"wp:featuredmedia":[{"embeddable":true,"href":"https:\/\/nathalie-faggianelli.fr\/index.php\/wp-json\/wp\/v2\/media\/3008"}],"wp:attachment":[{"href":"https:\/\/nathalie-faggianelli.fr\/index.php\/wp-json\/wp\/v2\/media?parent=3007"}],"curies":[{"name":"wp","href":"https:\/\/api.w.org\/{rel}","templated":true}]}}