{"id":316,"date":"2021-07-15T15:47:10","date_gmt":"2021-07-15T15:47:10","guid":{"rendered":"https:\/\/nathalie-faggianelli.fr\/?page_id=316"},"modified":"2025-05-22T13:22:39","modified_gmt":"2025-05-22T13:22:39","slug":"blog","status":"publish","type":"page","link":"https:\/\/nathalie-faggianelli.fr\/index.php\/blog\/","title":{"rendered":"Blog"},"content":{"rendered":"\n<p>Retrouvez sur ce BLOG mes derniers articles, recettes et conseils. Ils sont li\u00e9s aux publications que je fais \u00e9galement sur mes r\u00e9seaux sociaux : Les carnets de Nath sur <a href=\"https:\/\/www.instagram.com\/les.carnets.naturels.de.nath\/?hl=fr\">Instagram<\/a> et <a href=\"https:\/\/www.facebook.com\/les.carnet.naturels.de.Nath\/\">Facebook<\/a>. Et il y a aussi des articles in\u00e9dits.<\/p>\n\n\n\n<h5 class=\"wp-block-heading\">Plusieurs th\u00e8mes y sont abord\u00e9s<\/h5>\n\n\n\n<p>Parmi eux, la cuisine gourmande et saine, l&rsquo;aromath\u00e9rapie et la phytoth\u00e9rapie. Je vous donne aussi des informations en cosm\u00e9tique naturelle, des astuces quotidiennes saines &amp; z\u00e9ro-d\u00e9chet<\/p>\n\n\n\n<h5 class=\"wp-block-heading\">Ma philosophie sur ce blog<\/h5>\n\n\n\n<p>Je vous partage ici mon exp\u00e9rience, ma vision des choses, mes approches aroma-phyto bas\u00e9es sur ma formation et ma pratique. Sans vous convaincre ou vous donner \u00ab\u00a0la d\u00e9marche \u00e0 suivre\u00a0\u00bb. Mais plut\u00f4t pour vous aider \u00e0 d\u00e9velopper votre esprit critique et \u00e0 vous apprendre \u00e0 redevenir acteur de votre sant\u00e9. Vous trouverez souvent une multitude de conseils en ligne, dans des livres. Alors n&rsquo;h\u00e9sitez pas \u00e0 avoir un esprit critique sur ce que vous trouvez. Pensez aussi \u00e0 consulter quelqu&rsquo;un de sp\u00e9cialis\u00e9 pour connaitre ce qui sera adapt\u00e9 pour vous, plut\u00f4t que d&rsquo;essayer \u00e0 l&rsquo;aveugle plein de choses. Un conseil donn\u00e9 \u00e0 une personne ne sera pas forc\u00e9ment adapt\u00e9 \u00e0 votre constitution, votre situation et votre besoin. Et comme toujours, soyez prudent, si vous avez actuellement un probl\u00e8me de sant\u00e9 s\u00e9rieux qui n\u00e9cessite un suivi m\u00e9dical ou si vous prenez des m\u00e9dicaments. Consultez un m\u00e9decin pour avoir un diagnostic et un suivi. Suivez les recommandations de votre pharmacien form\u00e9 en aromath\u00e9rapie-phytoth\u00e9rapie et d&rsquo;un professionnel de sant\u00e9 avant de prendre des plantes. <\/p>\n\n\n\n<h5 class=\"wp-block-heading\">Rappel important<\/h5>\n\n\n\n<p>L\u2019information \u00e0 caract\u00e8re m\u00e9dical fournie dans ce blog et dans mes articles ne peut en aucun cas se substituer \u00e0 l&rsquo;avis d\u2019un professionnel de sant\u00e9. Lui seul sera \u00e0 m\u00eame de pouvoir \u00e9tablir un diagnostic et proposer un traitement adapt\u00e9. <\/p>\n","protected":false},"excerpt":{"rendered":"<p>Retrouvez sur ce BLOG mes derniers articles, recettes et conseils. Ils sont li\u00e9s aux publications que je fais \u00e9galement sur mes r\u00e9seaux sociaux : Les carnets de Nath sur Instagram et Facebook. Et il y a aussi des articles in\u00e9dits&#8230;.<\/p>\n<p><a class=\"more-link\" href=\"https:\/\/nathalie-faggianelli.fr\/index.php\/blog\/\">Read More<\/a><\/p>\n","protected":false},"author":1,"featured_media":0,"parent":0,"menu_order":0,"comment_status":"closed","ping_status":"closed","template":"category_index.php","meta":{"_genesis_hide_title":false,"_genesis_hide_breadcrumbs":false,"_genesis_hide_singular_image":false,"_genesis_hide_footer_widgets":false,"_genesis_custom_body_class":"","_genesis_custom_post_class":"","_genesis_layout":"","footnotes":""},"class_list":{"0":"post-316","1":"page","2":"type-page","3":"status-publish","5":"entry"},"yoast_head":"<!-- This site is optimized with the Yoast SEO plugin v27.3 - https:\/\/yoast.com\/product\/yoast-seo-wordpress\/ -->\n<title>Blog - Nathalie Faggianelli<\/title>\n<meta name=\"description\" content=\"Bienvenue sur ma page blog. Je vous partage ici des recettes de cuisine, des conseils aromath\u00e9rapie, phytoth\u00e9rapie, cosm\u00e9tique, naturopathie\" \/>\n<meta name=\"robots\" content=\"index, follow, max-snippet:-1, max-image-preview:large, max-video-preview:-1\" \/>\n<link rel=\"canonical\" href=\"https:\/\/nathalie-faggianelli.fr\/index.php\/blog\/\" \/>\n<meta property=\"og:locale\" content=\"fr_FR\" \/>\n<meta property=\"og:type\" content=\"article\" \/>\n<meta property=\"og:title\" content=\"Blog - Nathalie Faggianelli\" \/>\n<meta property=\"og:description\" content=\"Bienvenue sur ma page blog. Je vous partage ici des recettes de cuisine, des conseils aromath\u00e9rapie, phytoth\u00e9rapie, cosm\u00e9tique, naturopathie\" \/>\n<meta property=\"og:url\" content=\"https:\/\/nathalie-faggianelli.fr\/index.php\/blog\/\" \/>\n<meta property=\"og:site_name\" content=\"Nathalie Faggianelli\" \/>\n<meta property=\"article:modified_time\" content=\"2025-05-22T13:22:39+00:00\" \/>\n<meta name=\"twitter:card\" content=\"summary_large_image\" \/>\n<meta name=\"twitter:label1\" content=\"Dur\u00e9e de lecture estim\u00e9e\" \/>\n\t<meta name=\"twitter:data1\" content=\"2 minutes\" \/>\n<script type=\"application\/ld+json\" class=\"yoast-schema-graph\">{\"@context\":\"https:\\\/\\\/schema.org\",\"@graph\":[{\"@type\":\"WebPage\",\"@id\":\"https:\\\/\\\/nathalie-faggianelli.fr\\\/index.php\\\/blog\\\/\",\"url\":\"https:\\\/\\\/nathalie-faggianelli.fr\\\/index.php\\\/blog\\\/\",\"name\":\"Blog - Nathalie Faggianelli\",\"isPartOf\":{\"@id\":\"https:\\\/\\\/nathalie-faggianelli.fr\\\/#website\"},\"datePublished\":\"2021-07-15T15:47:10+00:00\",\"dateModified\":\"2025-05-22T13:22:39+00:00\",\"description\":\"Bienvenue sur ma page blog. Je vous partage ici des recettes de cuisine, des conseils aromath\u00e9rapie, phytoth\u00e9rapie, cosm\u00e9tique, naturopathie\",\"breadcrumb\":{\"@id\":\"https:\\\/\\\/nathalie-faggianelli.fr\\\/index.php\\\/blog\\\/#breadcrumb\"},\"inLanguage\":\"fr-FR\",\"potentialAction\":[{\"@type\":\"ReadAction\",\"target\":[\"https:\\\/\\\/nathalie-faggianelli.fr\\\/index.php\\\/blog\\\/\"]}]},{\"@type\":\"BreadcrumbList\",\"@id\":\"https:\\\/\\\/nathalie-faggianelli.fr\\\/index.php\\\/blog\\\/#breadcrumb\",\"itemListElement\":[{\"@type\":\"ListItem\",\"position\":1,\"name\":\"Accueil\",\"item\":\"https:\\\/\\\/nathalie-faggianelli.fr\\\/index.php\\\/page-daccueil\\\/\"},{\"@type\":\"ListItem\",\"position\":2,\"name\":\"Blog\"}]},{\"@type\":\"WebSite\",\"@id\":\"https:\\\/\\\/nathalie-faggianelli.fr\\\/#website\",\"url\":\"https:\\\/\\\/nathalie-faggianelli.fr\\\/\",\"name\":\"Nathalie Faggianelli\",\"description\":\"Phyto-Aromatologue, naturopathe, form\u00e9e en micronutrition \u00e0 Lille - La Madeleine ou en ligne\",\"publisher\":{\"@id\":\"https:\\\/\\\/nathalie-faggianelli.fr\\\/#organization\"},\"potentialAction\":[{\"@type\":\"SearchAction\",\"target\":{\"@type\":\"EntryPoint\",\"urlTemplate\":\"https:\\\/\\\/nathalie-faggianelli.fr\\\/?s={search_term_string}\"},\"query-input\":{\"@type\":\"PropertyValueSpecification\",\"valueRequired\":true,\"valueName\":\"search_term_string\"}}],\"inLanguage\":\"fr-FR\"},{\"@type\":\"Organization\",\"@id\":\"https:\\\/\\\/nathalie-faggianelli.fr\\\/#organization\",\"name\":\"Nathalie Faggianelli\",\"url\":\"https:\\\/\\\/nathalie-faggianelli.fr\\\/\",\"logo\":{\"@type\":\"ImageObject\",\"inLanguage\":\"fr-FR\",\"@id\":\"https:\\\/\\\/nathalie-faggianelli.fr\\\/#\\\/schema\\\/logo\\\/image\\\/\",\"url\":\"https:\\\/\\\/nathalie-faggianelli.fr\\\/wp-content\\\/uploads\\\/2021\\\/07\\\/logo-pro1.png\",\"contentUrl\":\"https:\\\/\\\/nathalie-faggianelli.fr\\\/wp-content\\\/uploads\\\/2021\\\/07\\\/logo-pro1.png\",\"width\":1728,\"height\":1521,\"caption\":\"Nathalie Faggianelli\"},\"image\":{\"@id\":\"https:\\\/\\\/nathalie-faggianelli.fr\\\/#\\\/schema\\\/logo\\\/image\\\/\"}}]}<\/script>\n<!-- \/ Yoast SEO plugin. -->","yoast_head_json":{"title":"Blog - Nathalie Faggianelli","description":"Bienvenue sur ma page blog. Je vous partage ici des recettes de cuisine, des conseils aromath\u00e9rapie, phytoth\u00e9rapie, cosm\u00e9tique, naturopathie","robots":{"index":"index","follow":"follow","max-snippet":"max-snippet:-1","max-image-preview":"max-image-preview:large","max-video-preview":"max-video-preview:-1"},"canonical":"https:\/\/nathalie-faggianelli.fr\/index.php\/blog\/","og_locale":"fr_FR","og_type":"article","og_title":"Blog - Nathalie Faggianelli","og_description":"Bienvenue sur ma page blog. Je vous partage ici des recettes de cuisine, des conseils aromath\u00e9rapie, phytoth\u00e9rapie, cosm\u00e9tique, naturopathie","og_url":"https:\/\/nathalie-faggianelli.fr\/index.php\/blog\/","og_site_name":"Nathalie Faggianelli","article_modified_time":"2025-05-22T13:22:39+00:00","twitter_card":"summary_large_image","twitter_misc":{"Dur\u00e9e de lecture estim\u00e9e":"2 minutes"},"schema":{"@context":"https:\/\/schema.org","@graph":[{"@type":"WebPage","@id":"https:\/\/nathalie-faggianelli.fr\/index.php\/blog\/","url":"https:\/\/nathalie-faggianelli.fr\/index.php\/blog\/","name":"Blog - Nathalie Faggianelli","isPartOf":{"@id":"https:\/\/nathalie-faggianelli.fr\/#website"},"datePublished":"2021-07-15T15:47:10+00:00","dateModified":"2025-05-22T13:22:39+00:00","description":"Bienvenue sur ma page blog. Je vous partage ici des recettes de cuisine, des conseils aromath\u00e9rapie, phytoth\u00e9rapie, cosm\u00e9tique, naturopathie","breadcrumb":{"@id":"https:\/\/nathalie-faggianelli.fr\/index.php\/blog\/#breadcrumb"},"inLanguage":"fr-FR","potentialAction":[{"@type":"ReadAction","target":["https:\/\/nathalie-faggianelli.fr\/index.php\/blog\/"]}]},{"@type":"BreadcrumbList","@id":"https:\/\/nathalie-faggianelli.fr\/index.php\/blog\/#breadcrumb","itemListElement":[{"@type":"ListItem","position":1,"name":"Accueil","item":"https:\/\/nathalie-faggianelli.fr\/index.php\/page-daccueil\/"},{"@type":"ListItem","position":2,"name":"Blog"}]},{"@type":"WebSite","@id":"https:\/\/nathalie-faggianelli.fr\/#website","url":"https:\/\/nathalie-faggianelli.fr\/","name":"Nathalie Faggianelli","description":"Phyto-Aromatologue, naturopathe, form\u00e9e en micronutrition \u00e0 Lille - La Madeleine ou en ligne","publisher":{"@id":"https:\/\/nathalie-faggianelli.fr\/#organization"},"potentialAction":[{"@type":"SearchAction","target":{"@type":"EntryPoint","urlTemplate":"https:\/\/nathalie-faggianelli.fr\/?s={search_term_string}"},"query-input":{"@type":"PropertyValueSpecification","valueRequired":true,"valueName":"search_term_string"}}],"inLanguage":"fr-FR"},{"@type":"Organization","@id":"https:\/\/nathalie-faggianelli.fr\/#organization","name":"Nathalie Faggianelli","url":"https:\/\/nathalie-faggianelli.fr\/","logo":{"@type":"ImageObject","inLanguage":"fr-FR","@id":"https:\/\/nathalie-faggianelli.fr\/#\/schema\/logo\/image\/","url":"https:\/\/nathalie-faggianelli.fr\/wp-content\/uploads\/2021\/07\/logo-pro1.png","contentUrl":"https:\/\/nathalie-faggianelli.fr\/wp-content\/uploads\/2021\/07\/logo-pro1.png","width":1728,"height":1521,"caption":"Nathalie Faggianelli"},"image":{"@id":"https:\/\/nathalie-faggianelli.fr\/#\/schema\/logo\/image\/"}}]}},"jetpack_sharing_enabled":true,"_links":{"self":[{"href":"https:\/\/nathalie-faggianelli.fr\/index.php\/wp-json\/wp\/v2\/pages\/316","targetHints":{"allow":["GET"]}}],"collection":[{"href":"https:\/\/nathalie-faggianelli.fr\/index.php\/wp-json\/wp\/v2\/pages"}],"about":[{"href":"https:\/\/nathalie-faggianelli.fr\/index.php\/wp-json\/wp\/v2\/types\/page"}],"author":[{"embeddable":true,"href":"https:\/\/nathalie-faggianelli.fr\/index.php\/wp-json\/wp\/v2\/users\/1"}],"replies":[{"embeddable":true,"href":"https:\/\/nathalie-faggianelli.fr\/index.php\/wp-json\/wp\/v2\/comments?post=316"}],"version-history":[{"count":9,"href":"https:\/\/nathalie-faggianelli.fr\/index.php\/wp-json\/wp\/v2\/pages\/316\/revisions"}],"predecessor-version":[{"id":1894,"href":"https:\/\/nathalie-faggianelli.fr\/index.php\/wp-json\/wp\/v2\/pages\/316\/revisions\/1894"}],"wp:attachment":[{"href":"https:\/\/nathalie-faggianelli.fr\/index.php\/wp-json\/wp\/v2\/media?parent=316"}],"curies":[{"name":"wp","href":"https:\/\/api.w.org\/{rel}","templated":true}]}}