{"id":855,"date":"2021-09-20T07:36:50","date_gmt":"2021-09-20T07:36:50","guid":{"rendered":"https:\/\/nathalie-faggianelli.fr\/?page_id=855"},"modified":"2022-07-13T08:46:45","modified_gmt":"2022-07-13T08:46:45","slug":"atelier-aroma-phyto-initiation","status":"publish","type":"page","link":"https:\/\/nathalie-faggianelli.fr\/index.php\/atelier-aroma-phyto-initiation\/","title":{"rendered":"Atelier Aroma-Phyto Initiation"},"content":{"rendered":"\n<div class=\"wp-block-columns is-layout-flex wp-container-core-columns-is-layout-9d6595d7 wp-block-columns-is-layout-flex\">\n<div class=\"wp-block-column is-layout-flow wp-block-column-is-layout-flow\">\n<figure class=\"wp-block-image size-large\"><img loading=\"lazy\" decoding=\"async\" width=\"1024\" height=\"1024\" src=\"https:\/\/nathalie-faggianelli.fr\/wp-content\/uploads\/2021\/09\/atelier_initiation20oct_1-1024x1024.jpg\" alt=\"\" class=\"wp-image-821\" srcset=\"https:\/\/nathalie-faggianelli.fr\/wp-content\/uploads\/2021\/09\/atelier_initiation20oct_1-1024x1024.jpg 1024w, https:\/\/nathalie-faggianelli.fr\/wp-content\/uploads\/2021\/09\/atelier_initiation20oct_1-100x100.jpg 100w, https:\/\/nathalie-faggianelli.fr\/wp-content\/uploads\/2021\/09\/atelier_initiation20oct_1-600x600.jpg 600w, https:\/\/nathalie-faggianelli.fr\/wp-content\/uploads\/2021\/09\/atelier_initiation20oct_1-300x300.jpg 300w, https:\/\/nathalie-faggianelli.fr\/wp-content\/uploads\/2021\/09\/atelier_initiation20oct_1-150x150.jpg 150w, https:\/\/nathalie-faggianelli.fr\/wp-content\/uploads\/2021\/09\/atelier_initiation20oct_1-768x768.jpg 768w, https:\/\/nathalie-faggianelli.fr\/wp-content\/uploads\/2021\/09\/atelier_initiation20oct_1-75x75.jpg 75w, https:\/\/nathalie-faggianelli.fr\/wp-content\/uploads\/2021\/09\/atelier_initiation20oct_1.jpg 1080w\" sizes=\"auto, (max-width: 1024px) 100vw, 1024px\" \/><\/figure>\n<\/div>\n\n\n\n<div class=\"wp-block-column is-layout-flow wp-block-column-is-layout-flow\">\n<p class=\"has-text-align-center\"><em>Atelier organis\u00e9 au centre <a href=\"https:\/\/be-mom.fr\/\" data-type=\"URL\" data-id=\"https:\/\/be-mom.fr\/\" target=\"_blank\" rel=\"noreferrer noopener\">Be Mom <\/a>de Wasquehal, tout public m\u00eame d\u00e9butant en aromath\u00e9rapie<\/em><\/p>\n\n\n\n<p>Les Huiles Essentielles sont des concentr\u00e9s d\u2019actifs puissants et th\u00e9rapeutiques qui peuvent nous aider \u00e0 g\u00e9rer le stress et accompagner nos \u00e9motions, soutenir notre immunit\u00e9, soulager de petits bobos aux quotidiens&nbsp;\u2026 Mais il ne s\u2019agit pas d\u2019une m\u00e9decine douce et il est important de connaitre les bons gestes, les pr\u00e9cautions d\u2019emploi pour les utiliser pour soi et avec ses enfants en toute s\u00e9curit\u00e9 ! <\/p>\n\n\n\n<p>L\u2019utilisation d\u2019hydrolats floraux pourra \u00e9galement se&nbsp;r\u00e9v\u00e9ler&nbsp;d\u2019une grande aide, plus s\u00e9curitaire, notamment aupr\u00e8s des plus petits.&nbsp;<\/p>\n\n\n\n<p><br>AU PROGRAMME :<\/p>\n\n\n\n<ul class=\"wp-block-list\"><li>Qu\u2019est-ce qu\u2019une huile essentielle? un hydrolat? une huile v\u00e9g\u00e9tale?<\/li><li>Quels sont les crit\u00e8res qualit\u00e9 importants pour bien les choisir?&nbsp;<\/li><li>Quels sont les pr\u00e9cautions d\u2019usage et les bons gestes en aromath\u00e9rapie familiale?<\/li><\/ul>\n<\/div>\n<\/div>\n\n\n\n<p>Les conseils et recommandations partag\u00e9s sont d\u00e9di\u00e9s aux parents + b\u00e9b\u00e9s et jeunes enfants d\u00e8s 3 mois. Vous repartirez avec une feuille de route des conseils \u00e9voqu\u00e9s lors de l\u2019atelier.<\/p>\n\n\n\n<p><meta charset=\"utf-8\">INFO PRATIQUES:<br>Adresse: <a href=\"https:\/\/be-mom.fr\/\" data-type=\"URL\" data-id=\"https:\/\/be-mom.fr\/\" target=\"_blank\" rel=\"noreferrer noopener\">Be Mom<\/a> &#8211; 24 Rue Faidherbe, 59290 Wasquehal<br>Horaires: 18h-19h30<br>Prix: 30 euros \u00e0 payer sur place en ch\u00e8que ou esp\u00e8ces <br><br>INSCRIPTION:<br><a href=\"https:\/\/nathalie-faggianelli.fr\/index.php\/me-contacter\/\" data-type=\"URL\" data-id=\"https:\/\/nathalie-faggianelli.fr\/index.php\/me-contacter\/\" target=\"_blank\" rel=\"noreferrer noopener\">Envoyez-moi un message ICI<\/a><\/p>\n","protected":false},"excerpt":{"rendered":"<p>Atelier organis\u00e9 au centre Be Mom de Wasquehal, tout public m\u00eame d\u00e9butant en aromath\u00e9rapie Les Huiles Essentielles sont des concentr\u00e9s d\u2019actifs puissants et th\u00e9rapeutiques qui peuvent nous aider \u00e0 g\u00e9rer le stress et accompagner nos \u00e9motions, soutenir notre immunit\u00e9, soulager&#8230;<\/p>\n<p><a class=\"more-link\" href=\"https:\/\/nathalie-faggianelli.fr\/index.php\/atelier-aroma-phyto-initiation\/\">Read More<\/a><\/p>\n","protected":false},"author":1,"featured_media":0,"parent":0,"menu_order":0,"comment_status":"closed","ping_status":"closed","template":"","meta":{"_genesis_hide_title":false,"_genesis_hide_breadcrumbs":false,"_genesis_hide_singular_image":false,"_genesis_hide_footer_widgets":false,"_genesis_custom_body_class":"","_genesis_custom_post_class":"","_genesis_layout":"","footnotes":""},"class_list":{"0":"post-855","1":"page","2":"type-page","3":"status-publish","5":"entry"},"yoast_head":"<!-- This site is optimized with the Yoast SEO plugin v27.5 - https:\/\/yoast.com\/product\/yoast-seo-wordpress\/ -->\n<title>Atelier Aroma-Phyto Initiation - Nathalie Faggianelli<\/title>\n<meta name=\"description\" content=\"Atelier Aroma-Phyto Initiation : venez d\u00e9couvrir les bases de l&#039;utilisation des huiles essentielles, des hydrolats\" \/>\n<meta name=\"robots\" content=\"index, follow, max-snippet:-1, max-image-preview:large, max-video-preview:-1\" \/>\n<link rel=\"canonical\" href=\"https:\/\/nathalie-faggianelli.fr\/index.php\/atelier-aroma-phyto-initiation\/\" \/>\n<meta property=\"og:locale\" content=\"fr_FR\" \/>\n<meta property=\"og:type\" content=\"article\" \/>\n<meta property=\"og:title\" content=\"Atelier Aroma-Phyto Initiation - Nathalie Faggianelli\" \/>\n<meta property=\"og:description\" content=\"Atelier Aroma-Phyto Initiation : venez d\u00e9couvrir les bases de l&#039;utilisation des huiles essentielles, des hydrolats\" \/>\n<meta property=\"og:url\" content=\"https:\/\/nathalie-faggianelli.fr\/index.php\/atelier-aroma-phyto-initiation\/\" \/>\n<meta property=\"og:site_name\" content=\"Nathalie Faggianelli\" \/>\n<meta property=\"article:modified_time\" content=\"2022-07-13T08:46:45+00:00\" \/>\n<meta property=\"og:image\" content=\"https:\/\/nathalie-faggianelli.fr\/wp-content\/uploads\/2021\/09\/atelier_initiation20oct_1-1024x1024.jpg\" \/>\n<meta name=\"twitter:card\" content=\"summary_large_image\" \/>\n<meta name=\"twitter:label1\" content=\"Dur\u00e9e de lecture estim\u00e9e\" \/>\n\t<meta name=\"twitter:data1\" content=\"2 minutes\" \/>\n<script type=\"application\/ld+json\" class=\"yoast-schema-graph\">{\"@context\":\"https:\\\/\\\/schema.org\",\"@graph\":[{\"@type\":\"WebPage\",\"@id\":\"https:\\\/\\\/nathalie-faggianelli.fr\\\/index.php\\\/atelier-aroma-phyto-initiation\\\/\",\"url\":\"https:\\\/\\\/nathalie-faggianelli.fr\\\/index.php\\\/atelier-aroma-phyto-initiation\\\/\",\"name\":\"Atelier Aroma-Phyto Initiation - Nathalie Faggianelli\",\"isPartOf\":{\"@id\":\"https:\\\/\\\/nathalie-faggianelli.fr\\\/#website\"},\"primaryImageOfPage\":{\"@id\":\"https:\\\/\\\/nathalie-faggianelli.fr\\\/index.php\\\/atelier-aroma-phyto-initiation\\\/#primaryimage\"},\"image\":{\"@id\":\"https:\\\/\\\/nathalie-faggianelli.fr\\\/index.php\\\/atelier-aroma-phyto-initiation\\\/#primaryimage\"},\"thumbnailUrl\":\"https:\\\/\\\/nathalie-faggianelli.fr\\\/wp-content\\\/uploads\\\/2021\\\/09\\\/atelier_initiation20oct_1-1024x1024.jpg\",\"datePublished\":\"2021-09-20T07:36:50+00:00\",\"dateModified\":\"2022-07-13T08:46:45+00:00\",\"description\":\"Atelier Aroma-Phyto Initiation : venez d\u00e9couvrir les bases de l'utilisation des huiles essentielles, des hydrolats\",\"breadcrumb\":{\"@id\":\"https:\\\/\\\/nathalie-faggianelli.fr\\\/index.php\\\/atelier-aroma-phyto-initiation\\\/#breadcrumb\"},\"inLanguage\":\"fr-FR\",\"potentialAction\":[{\"@type\":\"ReadAction\",\"target\":[\"https:\\\/\\\/nathalie-faggianelli.fr\\\/index.php\\\/atelier-aroma-phyto-initiation\\\/\"]}]},{\"@type\":\"ImageObject\",\"inLanguage\":\"fr-FR\",\"@id\":\"https:\\\/\\\/nathalie-faggianelli.fr\\\/index.php\\\/atelier-aroma-phyto-initiation\\\/#primaryimage\",\"url\":\"https:\\\/\\\/nathalie-faggianelli.fr\\\/wp-content\\\/uploads\\\/2021\\\/09\\\/atelier_initiation20oct_1.jpg\",\"contentUrl\":\"https:\\\/\\\/nathalie-faggianelli.fr\\\/wp-content\\\/uploads\\\/2021\\\/09\\\/atelier_initiation20oct_1.jpg\",\"width\":1080,\"height\":1080},{\"@type\":\"BreadcrumbList\",\"@id\":\"https:\\\/\\\/nathalie-faggianelli.fr\\\/index.php\\\/atelier-aroma-phyto-initiation\\\/#breadcrumb\",\"itemListElement\":[{\"@type\":\"ListItem\",\"position\":1,\"name\":\"Accueil\",\"item\":\"https:\\\/\\\/nathalie-faggianelli.fr\\\/index.php\\\/page-daccueil\\\/\"},{\"@type\":\"ListItem\",\"position\":2,\"name\":\"Atelier Aroma-Phyto Initiation\"}]},{\"@type\":\"WebSite\",\"@id\":\"https:\\\/\\\/nathalie-faggianelli.fr\\\/#website\",\"url\":\"https:\\\/\\\/nathalie-faggianelli.fr\\\/\",\"name\":\"Nathalie Faggianelli\",\"description\":\"Phyto-Aromatologue, naturopathe, form\u00e9e en micronutrition \u00e0 Lille - La Madeleine ou en ligne\",\"publisher\":{\"@id\":\"https:\\\/\\\/nathalie-faggianelli.fr\\\/#organization\"},\"potentialAction\":[{\"@type\":\"SearchAction\",\"target\":{\"@type\":\"EntryPoint\",\"urlTemplate\":\"https:\\\/\\\/nathalie-faggianelli.fr\\\/?s={search_term_string}\"},\"query-input\":{\"@type\":\"PropertyValueSpecification\",\"valueRequired\":true,\"valueName\":\"search_term_string\"}}],\"inLanguage\":\"fr-FR\"},{\"@type\":\"Organization\",\"@id\":\"https:\\\/\\\/nathalie-faggianelli.fr\\\/#organization\",\"name\":\"Nathalie Faggianelli\",\"url\":\"https:\\\/\\\/nathalie-faggianelli.fr\\\/\",\"logo\":{\"@type\":\"ImageObject\",\"inLanguage\":\"fr-FR\",\"@id\":\"https:\\\/\\\/nathalie-faggianelli.fr\\\/#\\\/schema\\\/logo\\\/image\\\/\",\"url\":\"https:\\\/\\\/nathalie-faggianelli.fr\\\/wp-content\\\/uploads\\\/2021\\\/07\\\/logo-pro1.png\",\"contentUrl\":\"https:\\\/\\\/nathalie-faggianelli.fr\\\/wp-content\\\/uploads\\\/2021\\\/07\\\/logo-pro1.png\",\"width\":1728,\"height\":1521,\"caption\":\"Nathalie Faggianelli\"},\"image\":{\"@id\":\"https:\\\/\\\/nathalie-faggianelli.fr\\\/#\\\/schema\\\/logo\\\/image\\\/\"}}]}<\/script>\n<!-- \/ Yoast SEO plugin. -->","yoast_head_json":{"title":"Atelier Aroma-Phyto Initiation - Nathalie Faggianelli","description":"Atelier Aroma-Phyto Initiation : venez d\u00e9couvrir les bases de l'utilisation des huiles essentielles, des hydrolats","robots":{"index":"index","follow":"follow","max-snippet":"max-snippet:-1","max-image-preview":"max-image-preview:large","max-video-preview":"max-video-preview:-1"},"canonical":"https:\/\/nathalie-faggianelli.fr\/index.php\/atelier-aroma-phyto-initiation\/","og_locale":"fr_FR","og_type":"article","og_title":"Atelier Aroma-Phyto Initiation - Nathalie Faggianelli","og_description":"Atelier Aroma-Phyto Initiation : venez d\u00e9couvrir les bases de l'utilisation des huiles essentielles, des hydrolats","og_url":"https:\/\/nathalie-faggianelli.fr\/index.php\/atelier-aroma-phyto-initiation\/","og_site_name":"Nathalie Faggianelli","article_modified_time":"2022-07-13T08:46:45+00:00","og_image":[{"url":"https:\/\/nathalie-faggianelli.fr\/wp-content\/uploads\/2021\/09\/atelier_initiation20oct_1-1024x1024.jpg","type":"","width":"","height":""}],"twitter_card":"summary_large_image","twitter_misc":{"Dur\u00e9e de lecture estim\u00e9e":"2 minutes"},"schema":{"@context":"https:\/\/schema.org","@graph":[{"@type":"WebPage","@id":"https:\/\/nathalie-faggianelli.fr\/index.php\/atelier-aroma-phyto-initiation\/","url":"https:\/\/nathalie-faggianelli.fr\/index.php\/atelier-aroma-phyto-initiation\/","name":"Atelier Aroma-Phyto Initiation - Nathalie Faggianelli","isPartOf":{"@id":"https:\/\/nathalie-faggianelli.fr\/#website"},"primaryImageOfPage":{"@id":"https:\/\/nathalie-faggianelli.fr\/index.php\/atelier-aroma-phyto-initiation\/#primaryimage"},"image":{"@id":"https:\/\/nathalie-faggianelli.fr\/index.php\/atelier-aroma-phyto-initiation\/#primaryimage"},"thumbnailUrl":"https:\/\/nathalie-faggianelli.fr\/wp-content\/uploads\/2021\/09\/atelier_initiation20oct_1-1024x1024.jpg","datePublished":"2021-09-20T07:36:50+00:00","dateModified":"2022-07-13T08:46:45+00:00","description":"Atelier Aroma-Phyto Initiation : venez d\u00e9couvrir les bases de l'utilisation des huiles essentielles, des hydrolats","breadcrumb":{"@id":"https:\/\/nathalie-faggianelli.fr\/index.php\/atelier-aroma-phyto-initiation\/#breadcrumb"},"inLanguage":"fr-FR","potentialAction":[{"@type":"ReadAction","target":["https:\/\/nathalie-faggianelli.fr\/index.php\/atelier-aroma-phyto-initiation\/"]}]},{"@type":"ImageObject","inLanguage":"fr-FR","@id":"https:\/\/nathalie-faggianelli.fr\/index.php\/atelier-aroma-phyto-initiation\/#primaryimage","url":"https:\/\/nathalie-faggianelli.fr\/wp-content\/uploads\/2021\/09\/atelier_initiation20oct_1.jpg","contentUrl":"https:\/\/nathalie-faggianelli.fr\/wp-content\/uploads\/2021\/09\/atelier_initiation20oct_1.jpg","width":1080,"height":1080},{"@type":"BreadcrumbList","@id":"https:\/\/nathalie-faggianelli.fr\/index.php\/atelier-aroma-phyto-initiation\/#breadcrumb","itemListElement":[{"@type":"ListItem","position":1,"name":"Accueil","item":"https:\/\/nathalie-faggianelli.fr\/index.php\/page-daccueil\/"},{"@type":"ListItem","position":2,"name":"Atelier Aroma-Phyto Initiation"}]},{"@type":"WebSite","@id":"https:\/\/nathalie-faggianelli.fr\/#website","url":"https:\/\/nathalie-faggianelli.fr\/","name":"Nathalie Faggianelli","description":"Phyto-Aromatologue, naturopathe, form\u00e9e en micronutrition \u00e0 Lille - La Madeleine ou en ligne","publisher":{"@id":"https:\/\/nathalie-faggianelli.fr\/#organization"},"potentialAction":[{"@type":"SearchAction","target":{"@type":"EntryPoint","urlTemplate":"https:\/\/nathalie-faggianelli.fr\/?s={search_term_string}"},"query-input":{"@type":"PropertyValueSpecification","valueRequired":true,"valueName":"search_term_string"}}],"inLanguage":"fr-FR"},{"@type":"Organization","@id":"https:\/\/nathalie-faggianelli.fr\/#organization","name":"Nathalie Faggianelli","url":"https:\/\/nathalie-faggianelli.fr\/","logo":{"@type":"ImageObject","inLanguage":"fr-FR","@id":"https:\/\/nathalie-faggianelli.fr\/#\/schema\/logo\/image\/","url":"https:\/\/nathalie-faggianelli.fr\/wp-content\/uploads\/2021\/07\/logo-pro1.png","contentUrl":"https:\/\/nathalie-faggianelli.fr\/wp-content\/uploads\/2021\/07\/logo-pro1.png","width":1728,"height":1521,"caption":"Nathalie Faggianelli"},"image":{"@id":"https:\/\/nathalie-faggianelli.fr\/#\/schema\/logo\/image\/"}}]}},"jetpack_sharing_enabled":true,"_links":{"self":[{"href":"https:\/\/nathalie-faggianelli.fr\/index.php\/wp-json\/wp\/v2\/pages\/855","targetHints":{"allow":["GET"]}}],"collection":[{"href":"https:\/\/nathalie-faggianelli.fr\/index.php\/wp-json\/wp\/v2\/pages"}],"about":[{"href":"https:\/\/nathalie-faggianelli.fr\/index.php\/wp-json\/wp\/v2\/types\/page"}],"author":[{"embeddable":true,"href":"https:\/\/nathalie-faggianelli.fr\/index.php\/wp-json\/wp\/v2\/users\/1"}],"replies":[{"embeddable":true,"href":"https:\/\/nathalie-faggianelli.fr\/index.php\/wp-json\/wp\/v2\/comments?post=855"}],"version-history":[{"count":3,"href":"https:\/\/nathalie-faggianelli.fr\/index.php\/wp-json\/wp\/v2\/pages\/855\/revisions"}],"predecessor-version":[{"id":2511,"href":"https:\/\/nathalie-faggianelli.fr\/index.php\/wp-json\/wp\/v2\/pages\/855\/revisions\/2511"}],"wp:attachment":[{"href":"https:\/\/nathalie-faggianelli.fr\/index.php\/wp-json\/wp\/v2\/media?parent=855"}],"curies":[{"name":"wp","href":"https:\/\/api.w.org\/{rel}","templated":true}]}}